{"id":2754,"date":"2024-03-06T11:35:33","date_gmt":"2024-03-06T10:35:33","guid":{"rendered":"https:\/\/servidorfesa.com\/?page_id=2754"},"modified":"2024-03-06T21:16:07","modified_gmt":"2024-03-06T20:16:07","slug":"asamble-ordinaria-2023","status":"publish","type":"page","link":"https:\/\/servidorfesa.com\/index.php\/asamble-ordinaria-2023\/","title":{"rendered":"Asamble Ordinaria 2023"},"content":{"rendered":"\t\t<div data-elementor-type=\"wp-page\" data-elementor-id=\"2754\" class=\"elementor elementor-2754\">\n\t\t\t\t\t\t<section class=\"elementor-section elementor-top-section elementor-element elementor-element-0717e84 elementor-section-boxed elementor-section-height-default elementor-section-height-default\" data-id=\"0717e84\" data-element_type=\"section\" data-settings=\"{&quot;background_background&quot;:&quot;classic&quot;}\">\n\t\t\t\t\t\t\t<div class=\"elementor-background-overlay\"><\/div>\n\t\t\t\t\t\t\t<div class=\"elementor-container elementor-column-gap-default\">\n\t\t\t\t\t<div class=\"elementor-column elementor-col-100 elementor-top-column elementor-element elementor-element-3c87f18\" data-id=\"3c87f18\" data-element_type=\"column\">\n\t\t\t<div class=\"elementor-widget-wrap elementor-element-populated\">\n\t\t\t\t\t\t<div class=\"elementor-element elementor-element-3dd58c0 elementor-widget elementor-widget-heading\" data-id=\"3dd58c0\" data-element_type=\"widget\" data-widget_type=\"heading.default\">\n\t\t\t\t<div class=\"elementor-widget-container\">\n\t\t\t\t\t<h1 class=\"elementor-heading-title elementor-size-default\">ASAMBLEA ORDINARIA 2023<\/h1>\t\t\t\t<\/div>\n\t\t\t\t<\/div>\n\t\t\t\t\t<\/div>\n\t\t<\/div>\n\t\t\t\t\t<\/div>\n\t\t<\/section>\n\t\t\t\t<section class=\"elementor-section elementor-top-section elementor-element elementor-element-69825a2 elementor-section-boxed elementor-section-height-default elementor-section-height-default\" data-id=\"69825a2\" data-element_type=\"section\">\n\t\t\t\t\t\t<div class=\"elementor-container elementor-column-gap-default\">\n\t\t\t\t\t<div class=\"elementor-column elementor-col-33 elementor-top-column elementor-element elementor-element-f053930\" data-id=\"f053930\" data-element_type=\"column\">\n\t\t\t<div class=\"elementor-widget-wrap elementor-element-populated\">\n\t\t\t\t\t\t<div class=\"elementor-element elementor-element-2e1dfba elementor-widget elementor-widget-heading\" data-id=\"2e1dfba\" data-element_type=\"widget\" data-widget_type=\"heading.default\">\n\t\t\t\t<div class=\"elementor-widget-container\">\n\t\t\t\t\t<h2 class=\"elementor-heading-title elementor-size-default\">La \u00faltima Asamblea Ordinaria de la Fundaci\u00f3n Educacional San Agust\u00edn ha sido un rotundo \u00e9xito.<\/h2>\t\t\t\t<\/div>\n\t\t\t\t<\/div>\n\t\t\t\t<div class=\"elementor-element elementor-element-027c4c1 elementor-widget__width-initial elementor-widget elementor-widget-heading\" data-id=\"027c4c1\" data-element_type=\"widget\" data-widget_type=\"heading.default\">\n\t\t\t\t<div class=\"elementor-widget-container\">\n\t\t\t\t\t<p class=\"elementor-heading-title elementor-size-default\">Marcando un evento significativo en el camino hacia el cumplimiento de la misi\u00f3n educativa y social de la instituci\u00f3n. El evento reuni\u00f3 a miembros activos de varias generaciones de ex alumnos, creando un espacio donde se compartieron logros destacados y se trazaron planes ambiciosos para el futuro.<\/p>\t\t\t\t<\/div>\n\t\t\t\t<\/div>\n\t\t\t\t\t<\/div>\n\t\t<\/div>\n\t\t\t\t<div class=\"elementor-column elementor-col-33 elementor-top-column elementor-element elementor-element-632c149\" data-id=\"632c149\" data-element_type=\"column\">\n\t\t\t<div class=\"elementor-widget-wrap elementor-element-populated\">\n\t\t\t\t\t\t<div class=\"elementor-element elementor-element-9da919b elementor-widget elementor-widget-image\" data-id=\"9da919b\" data-element_type=\"widget\" data-widget_type=\"image.default\">\n\t\t\t\t<div class=\"elementor-widget-container\">\n\t\t\t\t\t\t\t\t\t\t\t\t\t\t\t<img decoding=\"async\" src=\"https:\/\/servidorfesa.com\/wp-content\/uploads\/elementor\/thumbs\/asamblea-fesa-2023-11-qkpyrbjpzbdz2ys5on4g71p68w4tvaanocauzl4x4o.jpg\" title=\"asamblea fesa 2023 11\" alt=\"asamblea fesa 2023 11\" loading=\"lazy\" \/>\t\t\t\t\t\t\t\t\t\t\t\t\t\t\t<\/div>\n\t\t\t\t<\/div>\n\t\t\t\t\t<\/div>\n\t\t<\/div>\n\t\t\t\t<div class=\"elementor-column elementor-col-33 elementor-top-column elementor-element elementor-element-15f25a4\" data-id=\"15f25a4\" data-element_type=\"column\">\n\t\t\t<div class=\"elementor-widget-wrap elementor-element-populated\">\n\t\t\t\t\t\t<div class=\"elementor-element elementor-element-ee11b6d elementor-widget elementor-widget-image\" data-id=\"ee11b6d\" data-element_type=\"widget\" data-widget_type=\"image.default\">\n\t\t\t\t<div class=\"elementor-widget-container\">\n\t\t\t\t\t\t\t\t\t\t\t\t\t\t\t<img decoding=\"async\" src=\"https:\/\/servidorfesa.com\/wp-content\/uploads\/elementor\/thumbs\/asamblea-fesa-2023-2-1-qkpyq2fgx0tn8xu2ltb3tbls5qjiaukiu2juin5i9k.jpg\" title=\"asamblea fesa 2023 2\" alt=\"asamblea fesa 2023 2\" loading=\"lazy\" \/>\t\t\t\t\t\t\t\t\t\t\t\t\t\t\t<\/div>\n\t\t\t\t<\/div>\n\t\t\t\t\t<\/div>\n\t\t<\/div>\n\t\t\t\t\t<\/div>\n\t\t<\/section>\n\t\t\t\t<section class=\"elementor-section elementor-top-section elementor-element elementor-element-17cd25f elementor-section-boxed elementor-section-height-default elementor-section-height-default\" data-id=\"17cd25f\" data-element_type=\"section\" data-settings=\"{&quot;background_background&quot;:&quot;classic&quot;}\">\n\t\t\t\t\t\t\t<div class=\"elementor-background-overlay\"><\/div>\n\t\t\t\t\t\t\t<div class=\"elementor-container elementor-column-gap-default\">\n\t\t\t\t\t<div class=\"elementor-column elementor-col-100 elementor-top-column elementor-element elementor-element-72ee1b9\" data-id=\"72ee1b9\" data-element_type=\"column\">\n\t\t\t<div class=\"elementor-widget-wrap elementor-element-populated\">\n\t\t\t\t\t\t<section class=\"elementor-section elementor-inner-section elementor-element elementor-element-7d734ad elementor-section-boxed elementor-section-height-default elementor-section-height-default\" data-id=\"7d734ad\" data-element_type=\"section\">\n\t\t\t\t\t\t<div class=\"elementor-container elementor-column-gap-default\">\n\t\t\t\t\t<div class=\"elementor-column elementor-col-50 elementor-inner-column elementor-element elementor-element-f30ed62\" data-id=\"f30ed62\" data-element_type=\"column\">\n\t\t\t<div class=\"elementor-widget-wrap elementor-element-populated\">\n\t\t\t\t\t\t<div class=\"elementor-element elementor-element-a1dcb25 elementor-position-top elementor-widget elementor-widget-image-box\" data-id=\"a1dcb25\" data-element_type=\"widget\" data-widget_type=\"image-box.default\">\n\t\t\t\t<div class=\"elementor-widget-container\">\n\t\t\t\t\t<div class=\"elementor-image-box-wrapper\"><figure class=\"elementor-image-box-img\"><img decoding=\"async\" width=\"55\" height=\"59\" src=\"https:\/\/servidorfesa.com\/wp-content\/uploads\/2024\/02\/backbone-1.png\" class=\"attachment-full size-full wp-image-2038\" alt=\"\" \/><\/figure><div class=\"elementor-image-box-content\"><p class=\"elementor-image-box-description\">Durante la asamblea, se destacaron los \u00e9xitos acad\u00e9micos, resaltando el rendimiento excepcional de los estudiantes y la implementaci\u00f3n efectiva de programas educativos innovadores. Adem\u00e1s, se presentaron informes financieros transparentes que demostraron la gesti\u00f3n responsable de los recursos, generando confianza entre los asistentes y consolidando el apoyo financiero de la comunidad.<\/p><\/div><\/div>\t\t\t\t<\/div>\n\t\t\t\t<\/div>\n\t\t\t\t\t<\/div>\n\t\t<\/div>\n\t\t\t\t<div class=\"elementor-column elementor-col-50 elementor-inner-column elementor-element elementor-element-bb00f1b\" data-id=\"bb00f1b\" data-element_type=\"column\">\n\t\t\t<div class=\"elementor-widget-wrap elementor-element-populated\">\n\t\t\t\t\t\t<div class=\"elementor-element elementor-element-c11e857 elementor-position-top elementor-widget elementor-widget-image-box\" data-id=\"c11e857\" data-element_type=\"widget\" data-widget_type=\"image-box.default\">\n\t\t\t\t<div class=\"elementor-widget-container\">\n\t\t\t\t\t<div class=\"elementor-image-box-wrapper\"><figure class=\"elementor-image-box-img\"><img decoding=\"async\" width=\"55\" height=\"59\" src=\"https:\/\/servidorfesa.com\/wp-content\/uploads\/2024\/02\/backbone-1.png\" class=\"attachment-full size-full wp-image-2038\" alt=\"\" \/><\/figure><div class=\"elementor-image-box-content\"><p class=\"elementor-image-box-description\">Uno de los momentos m\u00e1s destacados fue la elecci\u00f3n del directorio 2024, que a trav\u00e9s de una votaci\u00f3n basada en los m\u00e1s altos valores democr\u00e1ticos tuvo resultados enriquecedores para la Fundaci\u00f3n. Estamos totalmente seguros de que este equipo de trabajo, llevar\u00e1 por excelentes rumbos a nuestra instituci\u00f3n.<\/p><\/div><\/div>\t\t\t\t<\/div>\n\t\t\t\t<\/div>\n\t\t\t\t\t<\/div>\n\t\t<\/div>\n\t\t\t\t\t<\/div>\n\t\t<\/section>\n\t\t\t\t<section class=\"elementor-section elementor-inner-section elementor-element elementor-element-875a7f3 elementor-section-boxed elementor-section-height-default elementor-section-height-default\" data-id=\"875a7f3\" data-element_type=\"section\">\n\t\t\t\t\t\t<div class=\"elementor-container elementor-column-gap-default\">\n\t\t\t\t\t<div class=\"elementor-column elementor-col-50 elementor-inner-column elementor-element elementor-element-e287a93\" data-id=\"e287a93\" data-element_type=\"column\">\n\t\t\t<div class=\"elementor-widget-wrap elementor-element-populated\">\n\t\t\t\t\t\t<div class=\"elementor-element elementor-element-26f9808 elementor-position-top elementor-widget elementor-widget-image-box\" data-id=\"26f9808\" data-element_type=\"widget\" data-widget_type=\"image-box.default\">\n\t\t\t\t<div class=\"elementor-widget-container\">\n\t\t\t\t\t<div class=\"elementor-image-box-wrapper\"><figure class=\"elementor-image-box-img\"><img decoding=\"async\" width=\"55\" height=\"59\" src=\"https:\/\/servidorfesa.com\/wp-content\/uploads\/2024\/02\/backbone-1.png\" class=\"attachment-full size-full wp-image-2038\" alt=\"\" \/><\/figure><div class=\"elementor-image-box-content\"><p class=\"elementor-image-box-description\">La participaci\u00f3n activa y comprometida de los miembros durante la Asamblea reflej\u00f3 el fuerte sentido de pertenencia y la pasi\u00f3n compartida por la misi\u00f3n educativa de la Fundaci\u00f3n Educacional San Agust\u00edn. La colaboraci\u00f3n y el intercambio de ideas enriquecieron las discusiones estrat\u00e9gicas, allanando el camino para futuras iniciativas que seguir\u00e1n fortaleciendo la calidad educativa y el impacto positivo en la comunidad.<\/p><\/div><\/div>\t\t\t\t<\/div>\n\t\t\t\t<\/div>\n\t\t\t\t\t<\/div>\n\t\t<\/div>\n\t\t\t\t<div class=\"elementor-column elementor-col-50 elementor-inner-column elementor-element elementor-element-267a0b8\" data-id=\"267a0b8\" data-element_type=\"column\">\n\t\t\t<div class=\"elementor-widget-wrap elementor-element-populated\">\n\t\t\t\t\t\t<div class=\"elementor-element elementor-element-01e055c elementor-position-top elementor-widget elementor-widget-image-box\" data-id=\"01e055c\" data-element_type=\"widget\" data-widget_type=\"image-box.default\">\n\t\t\t\t<div class=\"elementor-widget-container\">\n\t\t\t\t\t<div class=\"elementor-image-box-wrapper\"><figure class=\"elementor-image-box-img\"><img decoding=\"async\" width=\"55\" height=\"59\" src=\"https:\/\/servidorfesa.com\/wp-content\/uploads\/2024\/02\/backbone-1.png\" class=\"attachment-full size-full wp-image-2038\" alt=\"\" \/><\/figure><div class=\"elementor-image-box-content\"><p class=\"elementor-image-box-description\">La Asamblea Ordinaria fue un evento triunfante que celebr\u00f3 los logros pasados, evalu\u00f3 responsablemente el presente y traz\u00f3 un futuro inspirador para la Fundaci\u00f3n Educacional San Agust\u00edn. Este \u00e9xito no solo refleja la solidez institucional, sino tambi\u00e9n el compromiso continuo con la excelencia educativa y el servicio a la comunidad.<\/p><\/div><\/div>\t\t\t\t<\/div>\n\t\t\t\t<\/div>\n\t\t\t\t\t<\/div>\n\t\t<\/div>\n\t\t\t\t\t<\/div>\n\t\t<\/section>\n\t\t\t\t\t<\/div>\n\t\t<\/div>\n\t\t\t\t\t<\/div>\n\t\t<\/section>\n\t\t<div class=\"elementor-element elementor-element-d9a9850 e-flex e-con-boxed e-con e-parent\" data-id=\"d9a9850\" data-element_type=\"container\" data-settings=\"{&quot;background_background&quot;:&quot;classic&quot;}\">\n\t\t\t\t\t<div class=\"e-con-inner\">\n\t\t\t\t\t<\/div>\n\t\t\t\t<\/div>\n\t\t\t\t<\/div>\n\t\t","protected":false},"excerpt":{"rendered":"<p>ASAMBLEA ORDINARIA 2023 La \u00faltima Asamblea Ordinaria de la Fundaci\u00f3n Educacional San Agust\u00edn ha sido un rotundo \u00e9xito. Marcando un evento significativo en el camino hacia el cumplimiento de la misi\u00f3n educativa y social de la instituci\u00f3n. El evento reuni\u00f3 &hellip;<\/p>\n<p class=\"read-more\"> <a class=\"more-link\" href=\"https:\/\/servidorfesa.com\/index.php\/asamble-ordinaria-2023\/\"> <span class=\"screen-reader-text\">Asamble Ordinaria 2023<\/span> Read More &raquo;<\/a><\/p>\n","protected":false},"author":1,"featured_media":0,"parent":0,"menu_order":0,"comment_status":"closed","ping_status":"closed","template":"elementor_header_footer","meta":{"pmpro_default_level":"","footnotes":""},"class_list":["post-2754","page","type-page","status-publish","hentry","pmpro-has-access"],"featured_image_src":"","featured_image_src_square":false,"rbea_author_info":{"display_name":"juan.choque","author_link":"https:\/\/servidorfesa.com\/index.php\/author\/juan-choque\/"},"rbea_excerpt_info":"ASAMBLEA ORDINARIA 2023 La \u00faltima Asamblea Ordinaria de la Fundaci\u00f3n Educacional San Agust\u00edn ha sido un rotundo \u00e9xito. Marcando un evento significativo en el camino hacia el cumplimiento de la misi\u00f3n educativa y social de la instituci\u00f3n. El evento reuni\u00f3 &hellip;<p class=\"read-more\"> <a class=\"more-link\" href=\"https:\/\/servidorfesa.com\/index.php\/asamble-ordinaria-2023\/\"> <span class=\"screen-reader-text\">Asamble Ordinaria 2023<\/span> Read More &raquo;<\/a><\/p>","_links":{"self":[{"href":"https:\/\/servidorfesa.com\/index.php\/wp-json\/wp\/v2\/pages\/2754","targetHints":{"allow":["GET"]}}],"collection":[{"href":"https:\/\/servidorfesa.com\/index.php\/wp-json\/wp\/v2\/pages"}],"about":[{"href":"https:\/\/servidorfesa.com\/index.php\/wp-json\/wp\/v2\/types\/page"}],"author":[{"embeddable":true,"href":"https:\/\/servidorfesa.com\/index.php\/wp-json\/wp\/v2\/users\/1"}],"replies":[{"embeddable":true,"href":"https:\/\/servidorfesa.com\/index.php\/wp-json\/wp\/v2\/comments?post=2754"}],"version-history":[{"count":3,"href":"https:\/\/servidorfesa.com\/index.php\/wp-json\/wp\/v2\/pages\/2754\/revisions"}],"predecessor-version":[{"id":2890,"href":"https:\/\/servidorfesa.com\/index.php\/wp-json\/wp\/v2\/pages\/2754\/revisions\/2890"}],"wp:attachment":[{"href":"https:\/\/servidorfesa.com\/index.php\/wp-json\/wp\/v2\/media?parent=2754"}],"curies":[{"name":"wp","href":"https:\/\/api.w.org\/{rel}","templated":true}]}}