{"id":3871,"date":"2024-05-09T14:40:52","date_gmt":"2024-05-09T12:40:52","guid":{"rendered":"https:\/\/servidorfesa.com\/?page_id=3871"},"modified":"2024-05-29T15:40:57","modified_gmt":"2024-05-29T13:40:57","slug":"dashboard-power-bi","status":"publish","type":"page","link":"https:\/\/servidorfesa.com\/index.php\/dashboard-power-bi\/","title":{"rendered":"Dashboard Power Bi"},"content":{"rendered":"\t\t<div data-elementor-type=\"wp-page\" data-elementor-id=\"3871\" class=\"elementor elementor-3871\">\n\t\t\t\t<div class=\"elementor-element elementor-element-d89c996 e-con-full e-flex e-con e-parent\" data-id=\"d89c996\" data-element_type=\"container\">\n\t\t\t\t<div class=\"elementor-element elementor-element-de3effe elementor-widget elementor-widget-html\" data-id=\"de3effe\" data-element_type=\"widget\" data-widget_type=\"html.default\">\n\t\t\t\t<div class=\"elementor-widget-container\">\n\t\t\t\t\t<!DOCTYPE html>\r\n<html lang=\"es\">\r\n<head>\r\n    <meta charset=\"UTF-8\">\r\n    <meta name=\"viewport\" content=\"width=device-width, initial-scale=1.0\">\r\n    <title>El Panel Solar<\/title>\r\n    <style>\r\n        body, html {\r\n            margin: 0;\r\n            padding: 0;\r\n            height: 100%;\r\n            font-family: 'Arial', sans-serif;\r\n            background-color: #f4f4f9;\r\n            color: #333;\r\n            line-height: 1.6;\r\n        }\r\n        header {\r\n            width: 100%;\r\n            background-color: #4CAF50;\r\n            padding: 20px 0;\r\n            text-align: center;\r\n            color: white;\r\n            box-shadow: 0 2px 4px rgba(0,0,0,0.1);\r\n            margin-bottom: 20px;\r\n        }\r\n        header h1 {\r\n            margin: 0;\r\n            font-size: 2.5rem;\r\n        }\r\n        .container {\r\n            width: 100%;\r\n            max-width: 1200px;\r\n            margin: 0 auto;\r\n            padding: 0 20px;\r\n            box-sizing: border-box;\r\n            height: calc(100% - 120px); \/* Resta el tama\u00f1o del encabezado *\/\r\n            \r\n        }\r\n        .content {\r\n            margin-bottom: 20px;\r\n        }\r\n        iframe {\r\n            width: 100%;\r\n            height: 80vh;\r\n            border: none;\r\n        }\r\n    <\/style>\r\n<\/head>\r\n<body>\r\n    <header>\r\n        <h1>Energ\u00eda Limpia para un Futuro Sostenible<\/h1>\r\n    <\/header>\r\n    <div class=\"container\">\r\n        <div class=\"content\">\r\n            <p>En nuestra fundaci\u00f3n, nos enorgullece decir que el 65% de nuestra energ\u00eda el\u00e9ctrica proviene de paneles solares instalados en nuestras instalaciones. Con un compromiso firme hacia la sostenibilidad y el cuidado del medio ambiente, hemos integrado un sistema de energ\u00eda solar que no solo reduce nuestra dependencia de la red el\u00e9ctrica, sino que tambi\u00e9n minimiza nuestra huella de carbono.<\/p>\r\n            <p>Nuestro dashboard de consumo el\u00e9ctrico te muestra en tiempo real c\u00f3mo estamos utilizando esta energ\u00eda limpia. Puedes ver la proporci\u00f3n de energ\u00eda que proviene de nuestros paneles solares y cu\u00e1nto estamos utilizando de la red el\u00e9ctrica. Este sistema no solo nos ayuda a monitorear y gestionar nuestro consumo de energ\u00eda de manera eficiente, sino que tambi\u00e9n demuestra nuestro compromiso con la transparencia y la educaci\u00f3n ambiental.<\/p>\r\n            <p>\u00danete a nosotros en este viaje hacia un futuro m\u00e1s verde y sostenible, donde cada rayo de sol cuenta.<\/p>\r\n        <\/div>\r\n        <iframe src=\"https:\/\/www.solarweb.com\/PublicDisplay?token=e5b483ff-dba8-4057-b0fe-59b5b0f8361c\"><\/iframe>\r\n    <\/div>\r\n<\/body>\r\n<\/html>\r\n\t\t\t\t<\/div>\n\t\t\t\t<\/div>\n\t\t\t\t<\/div>\n\t\t\t\t<\/div>\n\t\t","protected":false},"excerpt":{"rendered":"<p>El Panel Solar Energ\u00eda Limpia para un Futuro Sostenible En nuestra fundaci\u00f3n, nos enorgullece decir que el 65% de nuestra energ\u00eda el\u00e9ctrica proviene de paneles solares instalados en nuestras instalaciones. Con un compromiso firme hacia la sostenibilidad y el cuidado &hellip;<\/p>\n<p class=\"read-more\"> <a class=\"more-link\" href=\"https:\/\/servidorfesa.com\/index.php\/dashboard-power-bi\/\"> <span class=\"screen-reader-text\">Dashboard Power Bi<\/span> Read More &raquo;<\/a><\/p>\n","protected":false},"author":1,"featured_media":0,"parent":0,"menu_order":0,"comment_status":"closed","ping_status":"closed","template":"elementor_header_footer","meta":{"pmpro_default_level":"","footnotes":""},"class_list":["post-3871","page","type-page","status-publish","hentry","pmpro-has-access"],"featured_image_src":"","featured_image_src_square":false,"rbea_author_info":{"display_name":"juan.choque","author_link":"https:\/\/servidorfesa.com\/index.php\/author\/juan-choque\/"},"rbea_excerpt_info":"El Panel Solar Energ\u00eda Limpia para un Futuro Sostenible En nuestra fundaci\u00f3n, nos enorgullece decir que el 65% de nuestra energ\u00eda el\u00e9ctrica proviene de paneles solares instalados en nuestras instalaciones. Con un compromiso firme hacia la sostenibilidad y el cuidado &hellip;<p class=\"read-more\"> <a class=\"more-link\" href=\"https:\/\/servidorfesa.com\/index.php\/dashboard-power-bi\/\"> <span class=\"screen-reader-text\">Dashboard Power Bi<\/span> Read More &raquo;<\/a><\/p>","_links":{"self":[{"href":"https:\/\/servidorfesa.com\/index.php\/wp-json\/wp\/v2\/pages\/3871","targetHints":{"allow":["GET"]}}],"collection":[{"href":"https:\/\/servidorfesa.com\/index.php\/wp-json\/wp\/v2\/pages"}],"about":[{"href":"https:\/\/servidorfesa.com\/index.php\/wp-json\/wp\/v2\/types\/page"}],"author":[{"embeddable":true,"href":"https:\/\/servidorfesa.com\/index.php\/wp-json\/wp\/v2\/users\/1"}],"replies":[{"embeddable":true,"href":"https:\/\/servidorfesa.com\/index.php\/wp-json\/wp\/v2\/comments?post=3871"}],"version-history":[{"count":40,"href":"https:\/\/servidorfesa.com\/index.php\/wp-json\/wp\/v2\/pages\/3871\/revisions"}],"predecessor-version":[{"id":4012,"href":"https:\/\/servidorfesa.com\/index.php\/wp-json\/wp\/v2\/pages\/3871\/revisions\/4012"}],"wp:attachment":[{"href":"https:\/\/servidorfesa.com\/index.php\/wp-json\/wp\/v2\/media?parent=3871"}],"curies":[{"name":"wp","href":"https:\/\/api.w.org\/{rel}","templated":true}]}}