{"id":4245,"date":"2024-08-13T20:57:59","date_gmt":"2024-08-13T18:57:59","guid":{"rendered":"https:\/\/servidorfesa.com\/?page_id=4245"},"modified":"2024-08-13T21:19:50","modified_gmt":"2024-08-13T19:19:50","slug":"acto-reconcimiemto-70-aniversario","status":"publish","type":"page","link":"https:\/\/servidorfesa.com\/index.php\/acto-reconcimiemto-70-aniversario\/","title":{"rendered":"Acto Reconcimiemto 70 Aniversario"},"content":{"rendered":"\t\t<div data-elementor-type=\"wp-page\" data-elementor-id=\"4245\" class=\"elementor elementor-4245\">\n\t\t\t\t\t\t<section class=\"elementor-section elementor-top-section elementor-element elementor-element-ed3c6ad elementor-section-boxed elementor-section-height-default elementor-section-height-default\" data-id=\"ed3c6ad\" data-element_type=\"section\" data-settings=\"{&quot;background_background&quot;:&quot;classic&quot;}\">\n\t\t\t\t\t\t\t<div class=\"elementor-background-overlay\"><\/div>\n\t\t\t\t\t\t\t<div class=\"elementor-container elementor-column-gap-default\">\n\t\t\t\t\t<div class=\"elementor-column elementor-col-100 elementor-top-column elementor-element elementor-element-f54ac80\" data-id=\"f54ac80\" data-element_type=\"column\">\n\t\t\t<div class=\"elementor-widget-wrap elementor-element-populated\">\n\t\t\t\t\t\t<div class=\"elementor-element elementor-element-91ac2fa elementor-widget elementor-widget-heading\" data-id=\"91ac2fa\" data-element_type=\"widget\" data-widget_type=\"heading.default\">\n\t\t\t\t<div class=\"elementor-widget-container\">\n\t\t\t\t\t<h1 class=\"elementor-heading-title elementor-size-default\">ACTO DE RECONOCIMIENTO<\/h1>\t\t\t\t<\/div>\n\t\t\t\t<\/div>\n\t\t\t\t\t<\/div>\n\t\t<\/div>\n\t\t\t\t\t<\/div>\n\t\t<\/section>\n\t\t\t\t<section class=\"elementor-section elementor-top-section elementor-element elementor-element-18721ce elementor-section-boxed elementor-section-height-default elementor-section-height-default\" data-id=\"18721ce\" data-element_type=\"section\" data-settings=\"{&quot;background_background&quot;:&quot;classic&quot;}\">\n\t\t\t\t\t\t<div class=\"elementor-container elementor-column-gap-default\">\n\t\t\t\t\t<div class=\"elementor-column elementor-col-50 elementor-top-column elementor-element elementor-element-aab43a4\" data-id=\"aab43a4\" data-element_type=\"column\">\n\t\t\t<div class=\"elementor-widget-wrap elementor-element-populated\">\n\t\t\t\t\t\t<div class=\"elementor-element elementor-element-08573d5 elementor-widget elementor-widget-image\" data-id=\"08573d5\" data-element_type=\"widget\" data-widget_type=\"image.default\">\n\t\t\t\t<div class=\"elementor-widget-container\">\n\t\t\t\t\t\t\t\t\t\t\t\t\t\t\t<img fetchpriority=\"high\" decoding=\"async\" width=\"1600\" height=\"1600\" src=\"https:\/\/servidorfesa.com\/wp-content\/uploads\/2024\/08\/reconocimiento-profes-2024.jpg\" class=\"attachment-full size-full wp-image-4247\" alt=\"\" srcset=\"https:\/\/servidorfesa.com\/wp-content\/uploads\/2024\/08\/reconocimiento-profes-2024.jpg 1600w, https:\/\/servidorfesa.com\/wp-content\/uploads\/2024\/08\/reconocimiento-profes-2024-300x300.jpg 300w, https:\/\/servidorfesa.com\/wp-content\/uploads\/2024\/08\/reconocimiento-profes-2024-1024x1024.jpg 1024w, https:\/\/servidorfesa.com\/wp-content\/uploads\/2024\/08\/reconocimiento-profes-2024-150x150.jpg 150w, https:\/\/servidorfesa.com\/wp-content\/uploads\/2024\/08\/reconocimiento-profes-2024-768x768.jpg 768w, https:\/\/servidorfesa.com\/wp-content\/uploads\/2024\/08\/reconocimiento-profes-2024-1536x1536.jpg 1536w, https:\/\/servidorfesa.com\/wp-content\/uploads\/2024\/08\/reconocimiento-profes-2024-100x100.jpg 100w, https:\/\/servidorfesa.com\/wp-content\/uploads\/2024\/08\/reconocimiento-profes-2024-200x200.jpg 200w, https:\/\/servidorfesa.com\/wp-content\/uploads\/2024\/08\/reconocimiento-profes-2024-450x450.jpg 450w, https:\/\/servidorfesa.com\/wp-content\/uploads\/2024\/08\/reconocimiento-profes-2024-600x600.jpg 600w, https:\/\/servidorfesa.com\/wp-content\/uploads\/2024\/08\/reconocimiento-profes-2024-900x900.jpg 900w\" sizes=\"(max-width: 1600px) 100vw, 1600px\" \/>\t\t\t\t\t\t\t\t\t\t\t\t\t\t\t<\/div>\n\t\t\t\t<\/div>\n\t\t\t\t\t<\/div>\n\t\t<\/div>\n\t\t\t\t<div class=\"elementor-column elementor-col-50 elementor-top-column elementor-element elementor-element-2eb1ff1\" data-id=\"2eb1ff1\" data-element_type=\"column\">\n\t\t\t<div class=\"elementor-widget-wrap elementor-element-populated\">\n\t\t\t\t\t\t<div class=\"elementor-element elementor-element-d03fa1f elementor-vertical-align-middle elementor-widget elementor-widget-image-box\" data-id=\"d03fa1f\" data-element_type=\"widget\" data-widget_type=\"image-box.default\">\n\t\t\t\t<div class=\"elementor-widget-container\">\n\t\t\t\t\t<div class=\"elementor-image-box-wrapper\"><div class=\"elementor-image-box-content\"><h2 class=\"elementor-image-box-title\">Estimada Comunidad Agustina:<\/h2><\/div><\/div>\t\t\t\t<\/div>\n\t\t\t\t<\/div>\n\t\t\t\t<div class=\"elementor-element elementor-element-cc690b7 elementor-widget__width-initial elementor-widget elementor-widget-heading\" data-id=\"cc690b7\" data-element_type=\"widget\" data-widget_type=\"heading.default\">\n\t\t\t\t<div class=\"elementor-widget-container\">\n\t\t\t\t\t<p class=\"elementor-heading-title elementor-size-default\">Nos complace extenderles una invitaci\u00f3n muy especial para que nos acompa\u00f1en en la celebraci\u00f3n del 70\u00ba aniversario del Colegio San Agust\u00edn.\n<br \/><br \/>\nEn esta ocasi\u00f3n tan significativa, rendiremos un merecido homenaje a nuestros ex profesores y autoridades, quienes han dejado una huella en la historia de nuestro Colegio.\n<br \/><br \/>\n\ud83d\udcc6 Jueves: 15 de agosto\n<br \/>\n\ud83d\udd5b Hrs. 10:00 a.m.\n<br \/>\n\ud83d\udccd Lugar: Colegio San Agustin, Av. America 1359\n<br \/><br \/>\n\u00a1Los esperamos!<\/p>\t\t\t\t<\/div>\n\t\t\t\t<\/div>\n\t\t\t\t<div class=\"elementor-element elementor-element-7a32d7e elementor-widget-divider--view-line elementor-widget elementor-widget-divider\" data-id=\"7a32d7e\" data-element_type=\"widget\" data-widget_type=\"divider.default\">\n\t\t\t\t<div class=\"elementor-widget-container\">\n\t\t\t\t\t\t\t<div class=\"elementor-divider\">\n\t\t\t<span class=\"elementor-divider-separator\">\n\t\t\t\t\t\t<\/span>\n\t\t<\/div>\n\t\t\t\t\t\t<\/div>\n\t\t\t\t<\/div>\n\t\t\t\t\t<\/div>\n\t\t<\/div>\n\t\t\t\t\t<\/div>\n\t\t<\/section>\n\t\t<div class=\"elementor-element elementor-element-876115a e-flex e-con-boxed e-con e-parent\" data-id=\"876115a\" data-element_type=\"container\">\n\t\t\t\t\t<div class=\"e-con-inner\">\n\t\t\t\t<div class=\"elementor-element elementor-element-1959d4a elementor-widget elementor-widget-image\" data-id=\"1959d4a\" data-element_type=\"widget\" data-widget_type=\"image.default\">\n\t\t\t\t<div class=\"elementor-widget-container\">\n\t\t\t\t\t\t\t\t\t\t\t\t\t\t\t<img decoding=\"async\" width=\"1024\" height=\"460\" src=\"https:\/\/servidorfesa.com\/wp-content\/uploads\/2024\/08\/otros-reconocimiento-profes-02-1-1024x460.png\" class=\"attachment-large size-large wp-image-4260\" alt=\"\" srcset=\"https:\/\/servidorfesa.com\/wp-content\/uploads\/2024\/08\/otros-reconocimiento-profes-02-1-1024x460.png 1024w, https:\/\/servidorfesa.com\/wp-content\/uploads\/2024\/08\/otros-reconocimiento-profes-02-1-300x135.png 300w, https:\/\/servidorfesa.com\/wp-content\/uploads\/2024\/08\/otros-reconocimiento-profes-02-1-768x345.png 768w, https:\/\/servidorfesa.com\/wp-content\/uploads\/2024\/08\/otros-reconocimiento-profes-02-1-1536x690.png 1536w, https:\/\/servidorfesa.com\/wp-content\/uploads\/2024\/08\/otros-reconocimiento-profes-02-1-100x45.png 100w, https:\/\/servidorfesa.com\/wp-content\/uploads\/2024\/08\/otros-reconocimiento-profes-02-1-150x67.png 150w, https:\/\/servidorfesa.com\/wp-content\/uploads\/2024\/08\/otros-reconocimiento-profes-02-1-200x90.png 200w, https:\/\/servidorfesa.com\/wp-content\/uploads\/2024\/08\/otros-reconocimiento-profes-02-1-450x202.png 450w, https:\/\/servidorfesa.com\/wp-content\/uploads\/2024\/08\/otros-reconocimiento-profes-02-1-600x270.png 600w, https:\/\/servidorfesa.com\/wp-content\/uploads\/2024\/08\/otros-reconocimiento-profes-02-1-900x404.png 900w, https:\/\/servidorfesa.com\/wp-content\/uploads\/2024\/08\/otros-reconocimiento-profes-02-1.png 1749w\" sizes=\"(max-width: 1024px) 100vw, 1024px\" \/>\t\t\t\t\t\t\t\t\t\t\t\t\t\t\t<\/div>\n\t\t\t\t<\/div>\n\t\t\t\t\t<\/div>\n\t\t\t\t<\/div>\n\t\t\t\t<\/div>\n\t\t","protected":false},"excerpt":{"rendered":"<p>ACTO DE RECONOCIMIENTO Estimada Comunidad Agustina: Nos complace extenderles una invitaci\u00f3n muy especial para que nos acompa\u00f1en en la celebraci\u00f3n del 70\u00ba aniversario del Colegio San Agust\u00edn. En esta ocasi\u00f3n tan significativa, rendiremos un merecido homenaje a nuestros ex profesores &hellip;<\/p>\n<p class=\"read-more\"> <a class=\"more-link\" href=\"https:\/\/servidorfesa.com\/index.php\/acto-reconcimiemto-70-aniversario\/\"> <span class=\"screen-reader-text\">Acto Reconcimiemto 70 Aniversario<\/span> Read More &raquo;<\/a><\/p>\n","protected":false},"author":1,"featured_media":0,"parent":0,"menu_order":0,"comment_status":"closed","ping_status":"closed","template":"elementor_header_footer","meta":{"pmpro_default_level":"","footnotes":""},"class_list":["post-4245","page","type-page","status-publish","hentry","pmpro-has-access"],"featured_image_src":"","featured_image_src_square":false,"rbea_author_info":{"display_name":"juan.choque","author_link":"https:\/\/servidorfesa.com\/index.php\/author\/juan-choque\/"},"rbea_excerpt_info":"ACTO DE RECONOCIMIENTO Estimada Comunidad Agustina: Nos complace extenderles una invitaci\u00f3n muy especial para que nos acompa\u00f1en en la celebraci\u00f3n del 70\u00ba aniversario del Colegio San Agust\u00edn. En esta ocasi\u00f3n tan significativa, rendiremos un merecido homenaje a nuestros ex profesores &hellip;<p class=\"read-more\"> <a class=\"more-link\" href=\"https:\/\/servidorfesa.com\/index.php\/acto-reconcimiemto-70-aniversario\/\"> <span class=\"screen-reader-text\">Acto Reconcimiemto 70 Aniversario<\/span> Read More &raquo;<\/a><\/p>","_links":{"self":[{"href":"https:\/\/servidorfesa.com\/index.php\/wp-json\/wp\/v2\/pages\/4245","targetHints":{"allow":["GET"]}}],"collection":[{"href":"https:\/\/servidorfesa.com\/index.php\/wp-json\/wp\/v2\/pages"}],"about":[{"href":"https:\/\/servidorfesa.com\/index.php\/wp-json\/wp\/v2\/types\/page"}],"author":[{"embeddable":true,"href":"https:\/\/servidorfesa.com\/index.php\/wp-json\/wp\/v2\/users\/1"}],"replies":[{"embeddable":true,"href":"https:\/\/servidorfesa.com\/index.php\/wp-json\/wp\/v2\/comments?post=4245"}],"version-history":[{"count":13,"href":"https:\/\/servidorfesa.com\/index.php\/wp-json\/wp\/v2\/pages\/4245\/revisions"}],"predecessor-version":[{"id":4263,"href":"https:\/\/servidorfesa.com\/index.php\/wp-json\/wp\/v2\/pages\/4245\/revisions\/4263"}],"wp:attachment":[{"href":"https:\/\/servidorfesa.com\/index.php\/wp-json\/wp\/v2\/media?parent=4245"}],"curies":[{"name":"wp","href":"https:\/\/api.w.org\/{rel}","templated":true}]}}