{"id":4675,"date":"2024-10-25T17:46:16","date_gmt":"2024-10-25T15:46:16","guid":{"rendered":"https:\/\/servidorfesa.com\/?page_id=4675"},"modified":"2024-10-25T18:25:54","modified_gmt":"2024-10-25T16:25:54","slug":"primer-lugar-en-las-olimpiadas-plurinacionales","status":"publish","type":"page","link":"https:\/\/servidorfesa.com\/index.php\/primer-lugar-en-las-olimpiadas-plurinacionales\/","title":{"rendered":"Primer Lugar en las Olimpiadas Plurinacionales"},"content":{"rendered":"\t\t<div data-elementor-type=\"wp-page\" data-elementor-id=\"4675\" class=\"elementor elementor-4675\">\n\t\t\t\t\t\t<section class=\"elementor-section elementor-top-section elementor-element elementor-element-7d910f4 elementor-section-boxed elementor-section-height-default elementor-section-height-default\" data-id=\"7d910f4\" data-element_type=\"section\" data-settings=\"{&quot;background_background&quot;:&quot;video&quot;}\">\n\t\t\t\t\t\t\t<div class=\"elementor-background-overlay\"><\/div>\n\t\t\t\t\t\t\t<div class=\"elementor-container elementor-column-gap-default\">\n\t\t\t\t\t<div class=\"elementor-column elementor-col-100 elementor-top-column elementor-element elementor-element-14f8efa\" data-id=\"14f8efa\" data-element_type=\"column\">\n\t\t\t<div class=\"elementor-widget-wrap elementor-element-populated\">\n\t\t\t\t\t\t<div class=\"elementor-element elementor-element-6433a61 elementor-widget elementor-widget-heading\" data-id=\"6433a61\" data-element_type=\"widget\" data-widget_type=\"heading.default\">\n\t\t\t\t<div class=\"elementor-widget-container\">\n\t\t\t\t\t<h1 class=\"elementor-heading-title elementor-size-default\">1er Lugar en las Olimpiadas Cient\u00edficas Plurinacionales!!!<\/h1>\t\t\t\t<\/div>\n\t\t\t\t<\/div>\n\t\t\t\t\t<\/div>\n\t\t<\/div>\n\t\t\t\t\t<\/div>\n\t\t<\/section>\n\t\t<div class=\"elementor-element elementor-element-daa3871 e-flex e-con-boxed e-con e-parent\" data-id=\"daa3871\" data-element_type=\"container\">\n\t\t\t\t\t<div class=\"e-con-inner\">\n\t\t\t\t<div class=\"elementor-element elementor-element-8f36f3a elementor-widget elementor-widget-text-editor\" data-id=\"8f36f3a\" data-element_type=\"widget\" data-widget_type=\"text-editor.default\">\n\t\t\t\t<div class=\"elementor-widget-container\">\n\t\t\t\t\t\t\t\t\t<h3>\ud83d\udc4f \u00a1Felicitamos a <a href=\"https:\/\/www.facebook.com\/LabTecnoSocial\/posts\/951103643724497?ref=embed_post\" target=\"_blank\">Laboratorio de Tecnolog\u00edas Sociales<\/a> por su trabajo y dedicaci\u00f3n en la investigaci\u00f3n y publicaci\u00f3n de este valioso art\u00edculo sobre los resultados de los ganadores de las Olimpiadas Plurinacionales!\ud83c\udfc5\nGracias por su contribuci\u00f3n continua en este tipo de informaci\u00f3n durante todos estos a\u00f1os.\n<br\/><br\/>\nArt\u00edculo anterior: \n<a href=\"https:\/\/labtecnosocial.org\/articulo-olimpiadas-cientificas\/\" target=\"_blank\">\nhttps:\/\/labtecnosocial.org\/articulo-olimpiadas-cientificas\/\n<\/a>\n\n<\/h3>\t\t\t\t\t\t\t\t<\/div>\n\t\t\t\t<\/div>\n\t\t\t\t\t<\/div>\n\t\t\t\t<\/div>\n\t\t<div class=\"elementor-element elementor-element-3e69750 e-flex e-con-boxed e-con e-parent\" data-id=\"3e69750\" data-element_type=\"container\">\n\t\t\t\t\t<div class=\"e-con-inner\">\n\t\t<div class=\"elementor-element elementor-element-28be816 e-grid e-con-full e-con e-child\" data-id=\"28be816\" data-element_type=\"container\">\n\t\t\t\t<div class=\"elementor-element elementor-element-34efb00 elementor-widget elementor-widget-image\" data-id=\"34efb00\" data-element_type=\"widget\" data-widget_type=\"image.default\">\n\t\t\t\t<div class=\"elementor-widget-container\">\n\t\t\t\t\t\t\t\t\t\t\t\t\t\t\t\t<a href=\"https:\/\/servidorfesa.com\/wp-content\/uploads\/2024\/10\/OCP-1.jpg\" data-elementor-open-lightbox=\"yes\" data-elementor-lightbox-title=\"OCP 1\" data-e-action-hash=\"#elementor-action%3Aaction%3Dlightbox%26settings%3DeyJpZCI6NDY3NywidXJsIjoiaHR0cHM6XC9cL3NlcnZpZG9yZmVzYS5jb21cL3dwLWNvbnRlbnRcL3VwbG9hZHNcLzIwMjRcLzEwXC9PQ1AtMS5qcGcifQ%3D%3D\">\n\t\t\t\t\t\t\t<img fetchpriority=\"high\" decoding=\"async\" width=\"605\" height=\"507\" src=\"https:\/\/servidorfesa.com\/wp-content\/uploads\/2024\/10\/OCP-1.jpg\" class=\"attachment-large size-large wp-image-4677\" alt=\"\" srcset=\"https:\/\/servidorfesa.com\/wp-content\/uploads\/2024\/10\/OCP-1.jpg 940w, https:\/\/servidorfesa.com\/wp-content\/uploads\/2024\/10\/OCP-1-300x251.jpg 300w, https:\/\/servidorfesa.com\/wp-content\/uploads\/2024\/10\/OCP-1-768x644.jpg 768w, https:\/\/servidorfesa.com\/wp-content\/uploads\/2024\/10\/OCP-1-100x84.jpg 100w, https:\/\/servidorfesa.com\/wp-content\/uploads\/2024\/10\/OCP-1-150x126.jpg 150w, https:\/\/servidorfesa.com\/wp-content\/uploads\/2024\/10\/OCP-1-200x168.jpg 200w, https:\/\/servidorfesa.com\/wp-content\/uploads\/2024\/10\/OCP-1-450x377.jpg 450w, https:\/\/servidorfesa.com\/wp-content\/uploads\/2024\/10\/OCP-1-600x503.jpg 600w, https:\/\/servidorfesa.com\/wp-content\/uploads\/2024\/10\/OCP-1-900x754.jpg 900w\" sizes=\"(max-width: 605px) 100vw, 605px\" \/>\t\t\t\t\t\t\t\t<\/a>\n\t\t\t\t\t\t\t\t\t\t\t\t\t\t\t<\/div>\n\t\t\t\t<\/div>\n\t\t\t\t<div class=\"elementor-element elementor-element-8e7e0e1 elementor-widget elementor-widget-image\" data-id=\"8e7e0e1\" data-element_type=\"widget\" data-widget_type=\"image.default\">\n\t\t\t\t<div class=\"elementor-widget-container\">\n\t\t\t\t\t\t\t\t\t\t\t\t\t\t\t\t<a href=\"https:\/\/servidorfesa.com\/wp-content\/uploads\/2024\/10\/OCP-2.jpg\" data-elementor-open-lightbox=\"yes\" data-elementor-lightbox-title=\"OCP 2\" data-e-action-hash=\"#elementor-action%3Aaction%3Dlightbox%26settings%3DeyJpZCI6NDY3OCwidXJsIjoiaHR0cHM6XC9cL3NlcnZpZG9yZmVzYS5jb21cL3dwLWNvbnRlbnRcL3VwbG9hZHNcLzIwMjRcLzEwXC9PQ1AtMi5qcGcifQ%3D%3D\">\n\t\t\t\t\t\t\t<img decoding=\"async\" width=\"605\" height=\"507\" src=\"https:\/\/servidorfesa.com\/wp-content\/uploads\/2024\/10\/OCP-2.jpg\" class=\"attachment-large size-large wp-image-4678\" alt=\"\" srcset=\"https:\/\/servidorfesa.com\/wp-content\/uploads\/2024\/10\/OCP-2.jpg 940w, https:\/\/servidorfesa.com\/wp-content\/uploads\/2024\/10\/OCP-2-300x251.jpg 300w, https:\/\/servidorfesa.com\/wp-content\/uploads\/2024\/10\/OCP-2-768x644.jpg 768w, https:\/\/servidorfesa.com\/wp-content\/uploads\/2024\/10\/OCP-2-100x84.jpg 100w, https:\/\/servidorfesa.com\/wp-content\/uploads\/2024\/10\/OCP-2-150x126.jpg 150w, https:\/\/servidorfesa.com\/wp-content\/uploads\/2024\/10\/OCP-2-200x168.jpg 200w, https:\/\/servidorfesa.com\/wp-content\/uploads\/2024\/10\/OCP-2-450x377.jpg 450w, https:\/\/servidorfesa.com\/wp-content\/uploads\/2024\/10\/OCP-2-600x503.jpg 600w, https:\/\/servidorfesa.com\/wp-content\/uploads\/2024\/10\/OCP-2-900x754.jpg 900w\" sizes=\"(max-width: 605px) 100vw, 605px\" \/>\t\t\t\t\t\t\t\t<\/a>\n\t\t\t\t\t\t\t\t\t\t\t\t\t\t\t<\/div>\n\t\t\t\t<\/div>\n\t\t\t\t<\/div>\n\t\t\t\t\t<\/div>\n\t\t\t\t<\/div>\n\t\t\t\t<\/div>\n\t\t","protected":false},"excerpt":{"rendered":"<p>1er Lugar en las Olimpiadas Cient\u00edficas Plurinacionales!!! \ud83d\udc4f \u00a1Felicitamos a Laboratorio de Tecnolog\u00edas Sociales por su trabajo y dedicaci\u00f3n en la investigaci\u00f3n y publicaci\u00f3n de este valioso art\u00edculo sobre los resultados de los ganadores de las Olimpiadas Plurinacionales!\ud83c\udfc5 Gracias por &hellip;<\/p>\n<p class=\"read-more\"> <a class=\"more-link\" href=\"https:\/\/servidorfesa.com\/index.php\/primer-lugar-en-las-olimpiadas-plurinacionales\/\"> <span class=\"screen-reader-text\">Primer Lugar en las Olimpiadas Plurinacionales<\/span> Read More &raquo;<\/a><\/p>\n","protected":false},"author":1,"featured_media":0,"parent":0,"menu_order":0,"comment_status":"closed","ping_status":"closed","template":"elementor_header_footer","meta":{"pmpro_default_level":"","footnotes":""},"class_list":["post-4675","page","type-page","status-publish","hentry","pmpro-has-access"],"featured_image_src":"","featured_image_src_square":false,"rbea_author_info":{"display_name":"juan.choque","author_link":"https:\/\/servidorfesa.com\/index.php\/author\/juan-choque\/"},"rbea_excerpt_info":"1er Lugar en las Olimpiadas Cient\u00edficas Plurinacionales!!! \ud83d\udc4f \u00a1Felicitamos a Laboratorio de Tecnolog\u00edas Sociales por su trabajo y dedicaci\u00f3n en la investigaci\u00f3n y publicaci\u00f3n de este valioso art\u00edculo sobre los resultados de los ganadores de las Olimpiadas Plurinacionales!\ud83c\udfc5 Gracias por &hellip;<p class=\"read-more\"> <a class=\"more-link\" href=\"https:\/\/servidorfesa.com\/index.php\/primer-lugar-en-las-olimpiadas-plurinacionales\/\"> <span class=\"screen-reader-text\">Primer Lugar en las Olimpiadas Plurinacionales<\/span> Read More &raquo;<\/a><\/p>","_links":{"self":[{"href":"https:\/\/servidorfesa.com\/index.php\/wp-json\/wp\/v2\/pages\/4675","targetHints":{"allow":["GET"]}}],"collection":[{"href":"https:\/\/servidorfesa.com\/index.php\/wp-json\/wp\/v2\/pages"}],"about":[{"href":"https:\/\/servidorfesa.com\/index.php\/wp-json\/wp\/v2\/types\/page"}],"author":[{"embeddable":true,"href":"https:\/\/servidorfesa.com\/index.php\/wp-json\/wp\/v2\/users\/1"}],"replies":[{"embeddable":true,"href":"https:\/\/servidorfesa.com\/index.php\/wp-json\/wp\/v2\/comments?post=4675"}],"version-history":[{"count":25,"href":"https:\/\/servidorfesa.com\/index.php\/wp-json\/wp\/v2\/pages\/4675\/revisions"}],"predecessor-version":[{"id":4706,"href":"https:\/\/servidorfesa.com\/index.php\/wp-json\/wp\/v2\/pages\/4675\/revisions\/4706"}],"wp:attachment":[{"href":"https:\/\/servidorfesa.com\/index.php\/wp-json\/wp\/v2\/media?parent=4675"}],"curies":[{"name":"wp","href":"https:\/\/api.w.org\/{rel}","templated":true}]}}