{"id":4941,"date":"2025-05-09T14:53:48","date_gmt":"2025-05-09T12:53:48","guid":{"rendered":"https:\/\/servidorfesa.com\/?page_id=4941"},"modified":"2025-05-09T23:16:03","modified_gmt":"2025-05-09T21:16:03","slug":"la-llama-olimpica-stem","status":"publish","type":"page","link":"https:\/\/servidorfesa.com\/index.php\/la-llama-olimpica-stem\/","title":{"rendered":"La llama ol\u00edmpica STEM"},"content":{"rendered":"\t\t<div data-elementor-type=\"wp-page\" data-elementor-id=\"4941\" class=\"elementor elementor-4941\">\n\t\t\t\t\t\t<section class=\"elementor-section elementor-top-section elementor-element elementor-element-3ed1347 elementor-section-boxed elementor-section-height-default elementor-section-height-default\" data-id=\"3ed1347\" data-element_type=\"section\" data-settings=\"{&quot;background_background&quot;:&quot;classic&quot;}\">\n\t\t\t\t\t\t\t<div class=\"elementor-background-overlay\"><\/div>\n\t\t\t\t\t\t\t<div class=\"elementor-container elementor-column-gap-default\">\n\t\t\t\t\t<div class=\"elementor-column elementor-col-100 elementor-top-column elementor-element elementor-element-f1b71fe\" data-id=\"f1b71fe\" data-element_type=\"column\">\n\t\t\t<div class=\"elementor-widget-wrap elementor-element-populated\">\n\t\t\t\t\t\t<div class=\"elementor-element elementor-element-25e2628 elementor-widget elementor-widget-heading\" data-id=\"25e2628\" data-element_type=\"widget\" data-widget_type=\"heading.default\">\n\t\t\t\t<div class=\"elementor-widget-container\">\n\t\t\t\t\t<h1 class=\"elementor-heading-title elementor-size-default\">La llama ol\u00edmpica STEM+ recorre los valles cochabambinos fortaleciendo el esp\u00edritu cient\u00edfico y colaborativo<\/h1>\t\t\t\t<\/div>\n\t\t\t\t<\/div>\n\t\t\t\t\t<\/div>\n\t\t<\/div>\n\t\t\t\t\t<\/div>\n\t\t<\/section>\n\t\t\t\t<section class=\"elementor-section elementor-top-section elementor-element elementor-element-6fe1f6f elementor-section-boxed elementor-section-height-default elementor-section-height-default\" data-id=\"6fe1f6f\" data-element_type=\"section\" data-settings=\"{&quot;background_background&quot;:&quot;classic&quot;}\">\n\t\t\t\t\t\t<div class=\"elementor-container elementor-column-gap-default\">\n\t\t\t\t\t<div class=\"elementor-column elementor-col-50 elementor-top-column elementor-element elementor-element-339e12a\" data-id=\"339e12a\" data-element_type=\"column\">\n\t\t\t<div class=\"elementor-widget-wrap elementor-element-populated\">\n\t\t\t\t\t\t<div class=\"elementor-element elementor-element-21f925d elementor-widget elementor-widget-heading\" data-id=\"21f925d\" data-element_type=\"widget\" data-widget_type=\"heading.default\">\n\t\t\t\t<div class=\"elementor-widget-container\">\n\t\t\t\t\t<p class=\"elementor-heading-title elementor-size-default\">Con entusiasmo y participaci\u00f3n activa de estudiantes, docentes y directivos, la Antorcha Ol\u00edmpica de las Olimpiadas STEM+ 2025 contin\u00faa su recorrido por distintos municipios del departamento de Cochabamba, consolid\u00e1ndose como un s\u00edmbolo de inspiraci\u00f3n, innovaci\u00f3n y trabajo en equipo.\n<br \/>\nDurante esta \u00faltima semana, las visitas se extendieron a las provincias de Punata, Cliza, San Benito y Arani, donde diversas unidades educativas se sumaron con gran compromiso a esta iniciativa.\n<br \/>\nEn la ciudad de Punata, la Unidad Educativa Latinoamericana fue sede de una jornada significativa, albergando no solo la visita de la antorcha, sino tambi\u00e9n el desarrollo del Taller de Capacitaci\u00f3n N\u00b0 2, dirigido a maestros y estudiantes. En esta instancia participaron tambi\u00e9n la U.E. Papa Juan B. (San Benito), la U.E. Nemesio Antonio Mariscal (Arani) y la U.E. Adventista Carre\u00f1o Ortu\u00f1o (Cliza), fortaleciendo el enfoque colaborativo y territorial de las Olimpiadas.\n<br \/>\nLa Unidad Educativa Adventista Sarmiento, ubicada en Cliza, recibi\u00f3 la antorcha con una emotiva ceremonia que reafirm\u00f3 el compromiso de la comunidad educativa con la ciencia, la tecnolog\u00eda y la educaci\u00f3n integral. Asimismo, la U.E. Padre Andr\u00e9s Cuschieri vivi\u00f3 una jornada especial, en la que estudiantes, maestros y personal administrativo expresaron con entusiasmo su adhesi\u00f3n a esta competencia que promueve el pensamiento cr\u00edtico y la b\u00fasqueda de soluciones a problem\u00e1ticas locales.\nEstas visitas no solo representan momentos simb\u00f3licos, sino que tambi\u00e9n permiten afianzar el esp\u00edritu de las Olimpiadas STEM+, que este a\u00f1o congregan a m\u00e1s de 1.000 estudiantes y 300 maestros tutores, pertenecientes a 111 unidades educativas de 28 municipios del departamento.\n<br \/>\nOrganizadas por la Fundaci\u00f3n Educacional San Agust\u00edn, y coorganizadas por la Fundaci\u00f3n Pati\u00f1o, la Fundaci\u00f3n UPB y el Centro de Investigaciones Qu\u00edmicas (CIQ), las Olimpiadas STEM+ se consolidan como la primera competencia intercolegial de su tipo en Bolivia. Su objetivo principal es fomentar la participaci\u00f3n de j\u00f3venes en el desarrollo de prototipos funcionales que den respuesta a desaf\u00edos reales de su entorno, mediante un proceso formativo que se extender\u00e1 desde marzo hasta noviembre de 2025.\n<br \/>\nAgradecemos profundamente a todas las instituciones educativas por su participaci\u00f3n activa, su apertura al trabajo conjunto y su contribuci\u00f3n al fortalecimiento de una educaci\u00f3n cient\u00edfica, cr\u00edtica y transformadora.\nEl recorrido de la Antorcha Ol\u00edmpica STEM+ contin\u00faa, llevando consigo un mensaje de esperanza, creatividad y compromiso con el futuro.<\/p>\t\t\t\t<\/div>\n\t\t\t\t<\/div>\n\t\t\t\t\t<\/div>\n\t\t<\/div>\n\t\t\t\t<div class=\"elementor-column elementor-col-50 elementor-top-column elementor-element elementor-element-5089108\" data-id=\"5089108\" data-element_type=\"column\">\n\t\t\t<div class=\"elementor-widget-wrap elementor-element-populated\">\n\t\t\t\t\t\t<div class=\"elementor-element elementor-element-1e2984b elementor-widget elementor-widget-video\" data-id=\"1e2984b\" data-element_type=\"widget\" data-settings=\"{&quot;video_type&quot;:&quot;hosted&quot;,&quot;controls&quot;:&quot;yes&quot;}\" data-widget_type=\"video.default\">\n\t\t\t\t<div class=\"elementor-widget-container\">\n\t\t\t\t\t\t\t<div class=\"e-hosted-video elementor-wrapper elementor-open-inline\">\n\t\t\t\t\t<video class=\"elementor-video\" src=\"https:\/\/servidorfesa.com\/wp-content\/uploads\/2025\/05\/visita-antorcha-olimpica-STEM2025.mp4\" controls=\"\" preload=\"metadata\" controlsList=\"nodownload\"><\/video>\n\t\t\t\t<\/div>\n\t\t\t\t\t\t<\/div>\n\t\t\t\t<\/div>\n\t\t\t\t\t<\/div>\n\t\t<\/div>\n\t\t\t\t\t<\/div>\n\t\t<\/section>\n\t\t\t\t<section class=\"elementor-section elementor-top-section elementor-element elementor-element-aad5bdf elementor-section-boxed elementor-section-height-default elementor-section-height-default\" data-id=\"aad5bdf\" data-element_type=\"section\" data-settings=\"{&quot;background_background&quot;:&quot;classic&quot;}\">\n\t\t\t\t\t\t<div class=\"elementor-container elementor-column-gap-default\">\n\t\t\t\t\t<div class=\"elementor-column elementor-col-100 elementor-top-column elementor-element elementor-element-c18f647\" data-id=\"c18f647\" data-element_type=\"column\">\n\t\t\t<div class=\"elementor-widget-wrap elementor-element-populated\">\n\t\t\t\t\t\t<div class=\"elementor-element elementor-element-c089ed0 elementor-widget elementor-widget-heading\" data-id=\"c089ed0\" data-element_type=\"widget\" data-widget_type=\"heading.default\">\n\t\t\t\t<div class=\"elementor-widget-container\">\n\t\t\t\t\t<h2 class=\"elementor-heading-title elementor-size-default\">Galer\u00eda Imagenes<\/h2>\t\t\t\t<\/div>\n\t\t\t\t<\/div>\n\t\t\t\t<div class=\"elementor-element elementor-element-e2b44d4 elementor-widget__width-initial elementor-widget elementor-widget-heading\" data-id=\"e2b44d4\" data-element_type=\"widget\" data-widget_type=\"heading.default\">\n\t\t\t\t<div class=\"elementor-widget-container\">\n\t\t\t\t\t<p class=\"elementor-heading-title elementor-size-default\">Bienvenidos a nuestra galer\u00eda de im\u00e1genes, donde podr\u00e1s encontrar una selecci\u00f3n de nuestras mejores fotograf\u00edas.<\/p>\t\t\t\t<\/div>\n\t\t\t\t<\/div>\n\t\t\t\t\t<\/div>\n\t\t<\/div>\n\t\t\t\t\t<\/div>\n\t\t<\/section>\n\t\t<div class=\"elementor-element elementor-element-f1462d6 e-flex e-con-boxed e-con e-parent\" data-id=\"f1462d6\" data-element_type=\"container\">\n\t\t\t\t\t<div class=\"e-con-inner\">\n\t\t\t\t<div class=\"elementor-element elementor-element-168643f elementor-widget elementor-widget-image-gallery\" data-id=\"168643f\" data-element_type=\"widget\" data-widget_type=\"image-gallery.default\">\n\t\t\t\t<div class=\"elementor-widget-container\">\n\t\t\t\t\t\t\t<div class=\"elementor-image-gallery\">\n\t\t\t<div id='gallery-1' class='gallery galleryid-4941 gallery-columns-3 gallery-size-medium'><figure class='gallery-item'>\n\t\t\t<div class='gallery-icon landscape'>\n\t\t\t\t<a data-elementor-open-lightbox=\"yes\" data-elementor-lightbox-slideshow=\"168643f\" data-elementor-lightbox-title=\"adventista 2\" data-e-action-hash=\"#elementor-action%3Aaction%3Dlightbox%26settings%3DeyJpZCI6NDkxNSwidXJsIjoiaHR0cHM6XC9cL3NlcnZpZG9yZmVzYS5jb21cL3dwLWNvbnRlbnRcL3VwbG9hZHNcLzIwMjVcLzA1XC9hZHZlbnRpc3RhLTIuanBnIiwic2xpZGVzaG93IjoiMTY4NjQzZiJ9\" href='https:\/\/servidorfesa.com\/wp-content\/uploads\/2025\/05\/adventista-2.jpg'><img fetchpriority=\"high\" decoding=\"async\" width=\"300\" height=\"300\" src=\"https:\/\/servidorfesa.com\/wp-content\/uploads\/2025\/05\/adventista-2-300x300.jpg\" class=\"attachment-medium size-medium\" alt=\"\" srcset=\"https:\/\/servidorfesa.com\/wp-content\/uploads\/2025\/05\/adventista-2-300x300.jpg 300w, https:\/\/servidorfesa.com\/wp-content\/uploads\/2025\/05\/adventista-2-1024x1024.jpg 1024w, https:\/\/servidorfesa.com\/wp-content\/uploads\/2025\/05\/adventista-2-150x150.jpg 150w, https:\/\/servidorfesa.com\/wp-content\/uploads\/2025\/05\/adventista-2-768x768.jpg 768w, https:\/\/servidorfesa.com\/wp-content\/uploads\/2025\/05\/adventista-2-100x100.jpg 100w, https:\/\/servidorfesa.com\/wp-content\/uploads\/2025\/05\/adventista-2-200x200.jpg 200w, https:\/\/servidorfesa.com\/wp-content\/uploads\/2025\/05\/adventista-2-450x450.jpg 450w, https:\/\/servidorfesa.com\/wp-content\/uploads\/2025\/05\/adventista-2-600x600.jpg 600w, https:\/\/servidorfesa.com\/wp-content\/uploads\/2025\/05\/adventista-2-900x900.jpg 900w, https:\/\/servidorfesa.com\/wp-content\/uploads\/2025\/05\/adventista-2.jpg 1200w\" sizes=\"(max-width: 300px) 100vw, 300px\" \/><\/a>\n\t\t\t<\/div><\/figure><figure class='gallery-item'>\n\t\t\t<div class='gallery-icon landscape'>\n\t\t\t\t<a data-elementor-open-lightbox=\"yes\" data-elementor-lightbox-slideshow=\"168643f\" data-elementor-lightbox-title=\"adventista 3\" data-e-action-hash=\"#elementor-action%3Aaction%3Dlightbox%26settings%3DeyJpZCI6NDkxNiwidXJsIjoiaHR0cHM6XC9cL3NlcnZpZG9yZmVzYS5jb21cL3dwLWNvbnRlbnRcL3VwbG9hZHNcLzIwMjVcLzA1XC9hZHZlbnRpc3RhLTMuanBnIiwic2xpZGVzaG93IjoiMTY4NjQzZiJ9\" href='https:\/\/servidorfesa.com\/wp-content\/uploads\/2025\/05\/adventista-3.jpg'><img decoding=\"async\" width=\"300\" height=\"300\" src=\"https:\/\/servidorfesa.com\/wp-content\/uploads\/2025\/05\/adventista-3-300x300.jpg\" class=\"attachment-medium size-medium\" alt=\"\" srcset=\"https:\/\/servidorfesa.com\/wp-content\/uploads\/2025\/05\/adventista-3-300x300.jpg 300w, https:\/\/servidorfesa.com\/wp-content\/uploads\/2025\/05\/adventista-3-1024x1024.jpg 1024w, https:\/\/servidorfesa.com\/wp-content\/uploads\/2025\/05\/adventista-3-150x150.jpg 150w, https:\/\/servidorfesa.com\/wp-content\/uploads\/2025\/05\/adventista-3-768x768.jpg 768w, https:\/\/servidorfesa.com\/wp-content\/uploads\/2025\/05\/adventista-3-100x100.jpg 100w, https:\/\/servidorfesa.com\/wp-content\/uploads\/2025\/05\/adventista-3-200x200.jpg 200w, https:\/\/servidorfesa.com\/wp-content\/uploads\/2025\/05\/adventista-3-450x450.jpg 450w, https:\/\/servidorfesa.com\/wp-content\/uploads\/2025\/05\/adventista-3-600x600.jpg 600w, https:\/\/servidorfesa.com\/wp-content\/uploads\/2025\/05\/adventista-3-900x900.jpg 900w, https:\/\/servidorfesa.com\/wp-content\/uploads\/2025\/05\/adventista-3.jpg 1200w\" sizes=\"(max-width: 300px) 100vw, 300px\" \/><\/a>\n\t\t\t<\/div><\/figure><figure class='gallery-item'>\n\t\t\t<div class='gallery-icon landscape'>\n\t\t\t\t<a data-elementor-open-lightbox=\"yes\" data-elementor-lightbox-slideshow=\"168643f\" data-elementor-lightbox-title=\"cushieri 2\" data-e-action-hash=\"#elementor-action%3Aaction%3Dlightbox%26settings%3DeyJpZCI6NDkyNSwidXJsIjoiaHR0cHM6XC9cL3NlcnZpZG9yZmVzYS5jb21cL3dwLWNvbnRlbnRcL3VwbG9hZHNcLzIwMjVcLzA1XC9jdXNoaWVyaS0yLmpwZyIsInNsaWRlc2hvdyI6IjE2ODY0M2YifQ%3D%3D\" href='https:\/\/servidorfesa.com\/wp-content\/uploads\/2025\/05\/cushieri-2.jpg'><img decoding=\"async\" width=\"300\" height=\"300\" src=\"https:\/\/servidorfesa.com\/wp-content\/uploads\/2025\/05\/cushieri-2-300x300.jpg\" class=\"attachment-medium size-medium\" alt=\"\" srcset=\"https:\/\/servidorfesa.com\/wp-content\/uploads\/2025\/05\/cushieri-2-300x300.jpg 300w, https:\/\/servidorfesa.com\/wp-content\/uploads\/2025\/05\/cushieri-2-1024x1024.jpg 1024w, https:\/\/servidorfesa.com\/wp-content\/uploads\/2025\/05\/cushieri-2-150x150.jpg 150w, https:\/\/servidorfesa.com\/wp-content\/uploads\/2025\/05\/cushieri-2-768x768.jpg 768w, https:\/\/servidorfesa.com\/wp-content\/uploads\/2025\/05\/cushieri-2-100x100.jpg 100w, https:\/\/servidorfesa.com\/wp-content\/uploads\/2025\/05\/cushieri-2-200x200.jpg 200w, https:\/\/servidorfesa.com\/wp-content\/uploads\/2025\/05\/cushieri-2-450x450.jpg 450w, https:\/\/servidorfesa.com\/wp-content\/uploads\/2025\/05\/cushieri-2-600x600.jpg 600w, https:\/\/servidorfesa.com\/wp-content\/uploads\/2025\/05\/cushieri-2-900x900.jpg 900w, https:\/\/servidorfesa.com\/wp-content\/uploads\/2025\/05\/cushieri-2.jpg 1200w\" sizes=\"(max-width: 300px) 100vw, 300px\" \/><\/a>\n\t\t\t<\/div><\/figure><figure class='gallery-item'>\n\t\t\t<div class='gallery-icon landscape'>\n\t\t\t\t<a data-elementor-open-lightbox=\"yes\" data-elementor-lightbox-slideshow=\"168643f\" data-elementor-lightbox-title=\"Paulo 1\" data-e-action-hash=\"#elementor-action%3Aaction%3Dlightbox%26settings%3DeyJpZCI6NDkxOSwidXJsIjoiaHR0cHM6XC9cL3NlcnZpZG9yZmVzYS5jb21cL3dwLWNvbnRlbnRcL3VwbG9hZHNcLzIwMjVcLzA1XC9QYXVsby0xLmpwZyIsInNsaWRlc2hvdyI6IjE2ODY0M2YifQ%3D%3D\" href='https:\/\/servidorfesa.com\/wp-content\/uploads\/2025\/05\/Paulo-1.jpg'><img loading=\"lazy\" decoding=\"async\" width=\"300\" height=\"300\" src=\"https:\/\/servidorfesa.com\/wp-content\/uploads\/2025\/05\/Paulo-1-300x300.jpg\" class=\"attachment-medium size-medium\" alt=\"\" srcset=\"https:\/\/servidorfesa.com\/wp-content\/uploads\/2025\/05\/Paulo-1-300x300.jpg 300w, https:\/\/servidorfesa.com\/wp-content\/uploads\/2025\/05\/Paulo-1-1024x1024.jpg 1024w, https:\/\/servidorfesa.com\/wp-content\/uploads\/2025\/05\/Paulo-1-150x150.jpg 150w, https:\/\/servidorfesa.com\/wp-content\/uploads\/2025\/05\/Paulo-1-768x768.jpg 768w, https:\/\/servidorfesa.com\/wp-content\/uploads\/2025\/05\/Paulo-1-100x100.jpg 100w, https:\/\/servidorfesa.com\/wp-content\/uploads\/2025\/05\/Paulo-1-200x200.jpg 200w, https:\/\/servidorfesa.com\/wp-content\/uploads\/2025\/05\/Paulo-1-450x450.jpg 450w, https:\/\/servidorfesa.com\/wp-content\/uploads\/2025\/05\/Paulo-1-600x600.jpg 600w, https:\/\/servidorfesa.com\/wp-content\/uploads\/2025\/05\/Paulo-1-900x900.jpg 900w, https:\/\/servidorfesa.com\/wp-content\/uploads\/2025\/05\/Paulo-1.jpg 1200w\" sizes=\"(max-width: 300px) 100vw, 300px\" \/><\/a>\n\t\t\t<\/div><\/figure><figure class='gallery-item'>\n\t\t\t<div class='gallery-icon portrait'>\n\t\t\t\t<a data-elementor-open-lightbox=\"yes\" data-elementor-lightbox-slideshow=\"168643f\" data-elementor-lightbox-title=\"cushieri 3\" data-e-action-hash=\"#elementor-action%3Aaction%3Dlightbox%26settings%3DeyJpZCI6NDk0NywidXJsIjoiaHR0cHM6XC9cL3NlcnZpZG9yZmVzYS5jb21cL3dwLWNvbnRlbnRcL3VwbG9hZHNcLzIwMjVcLzA1XC9jdXNoaWVyaS0zLmpwZyIsInNsaWRlc2hvdyI6IjE2ODY0M2YifQ%3D%3D\" href='https:\/\/servidorfesa.com\/wp-content\/uploads\/2025\/05\/cushieri-3.jpg'><img loading=\"lazy\" decoding=\"async\" width=\"207\" height=\"300\" src=\"https:\/\/servidorfesa.com\/wp-content\/uploads\/2025\/05\/cushieri-3-207x300.jpg\" class=\"attachment-medium size-medium\" alt=\"\" srcset=\"https:\/\/servidorfesa.com\/wp-content\/uploads\/2025\/05\/cushieri-3-207x300.jpg 207w, https:\/\/servidorfesa.com\/wp-content\/uploads\/2025\/05\/cushieri-3-707x1024.jpg 707w, https:\/\/servidorfesa.com\/wp-content\/uploads\/2025\/05\/cushieri-3-768x1113.jpg 768w, https:\/\/servidorfesa.com\/wp-content\/uploads\/2025\/05\/cushieri-3-100x145.jpg 100w, https:\/\/servidorfesa.com\/wp-content\/uploads\/2025\/05\/cushieri-3-150x217.jpg 150w, https:\/\/servidorfesa.com\/wp-content\/uploads\/2025\/05\/cushieri-3-200x290.jpg 200w, https:\/\/servidorfesa.com\/wp-content\/uploads\/2025\/05\/cushieri-3-300x435.jpg 300w, https:\/\/servidorfesa.com\/wp-content\/uploads\/2025\/05\/cushieri-3-450x652.jpg 450w, https:\/\/servidorfesa.com\/wp-content\/uploads\/2025\/05\/cushieri-3-600x870.jpg 600w, https:\/\/servidorfesa.com\/wp-content\/uploads\/2025\/05\/cushieri-3.jpg 828w\" sizes=\"(max-width: 207px) 100vw, 207px\" \/><\/a>\n\t\t\t<\/div><\/figure><figure class='gallery-item'>\n\t\t\t<div class='gallery-icon landscape'>\n\t\t\t\t<a data-elementor-open-lightbox=\"yes\" data-elementor-lightbox-slideshow=\"168643f\" data-elementor-lightbox-title=\"Paulo 3\" data-e-action-hash=\"#elementor-action%3Aaction%3Dlightbox%26settings%3DeyJpZCI6NDkyMSwidXJsIjoiaHR0cHM6XC9cL3NlcnZpZG9yZmVzYS5jb21cL3dwLWNvbnRlbnRcL3VwbG9hZHNcLzIwMjVcLzA1XC9QYXVsby0zLmpwZyIsInNsaWRlc2hvdyI6IjE2ODY0M2YifQ%3D%3D\" href='https:\/\/servidorfesa.com\/wp-content\/uploads\/2025\/05\/Paulo-3.jpg'><img loading=\"lazy\" decoding=\"async\" width=\"300\" height=\"300\" src=\"https:\/\/servidorfesa.com\/wp-content\/uploads\/2025\/05\/Paulo-3-300x300.jpg\" class=\"attachment-medium size-medium\" alt=\"\" srcset=\"https:\/\/servidorfesa.com\/wp-content\/uploads\/2025\/05\/Paulo-3-300x300.jpg 300w, https:\/\/servidorfesa.com\/wp-content\/uploads\/2025\/05\/Paulo-3-1024x1024.jpg 1024w, https:\/\/servidorfesa.com\/wp-content\/uploads\/2025\/05\/Paulo-3-150x150.jpg 150w, https:\/\/servidorfesa.com\/wp-content\/uploads\/2025\/05\/Paulo-3-768x768.jpg 768w, https:\/\/servidorfesa.com\/wp-content\/uploads\/2025\/05\/Paulo-3-100x100.jpg 100w, https:\/\/servidorfesa.com\/wp-content\/uploads\/2025\/05\/Paulo-3-200x200.jpg 200w, https:\/\/servidorfesa.com\/wp-content\/uploads\/2025\/05\/Paulo-3-450x450.jpg 450w, https:\/\/servidorfesa.com\/wp-content\/uploads\/2025\/05\/Paulo-3-600x600.jpg 600w, https:\/\/servidorfesa.com\/wp-content\/uploads\/2025\/05\/Paulo-3-900x900.jpg 900w, https:\/\/servidorfesa.com\/wp-content\/uploads\/2025\/05\/Paulo-3.jpg 1200w\" sizes=\"(max-width: 300px) 100vw, 300px\" \/><\/a>\n\t\t\t<\/div><\/figure>\n\t\t<\/div>\n\t\t<\/div>\n\t\t\t\t\t\t<\/div>\n\t\t\t\t<\/div>\n\t\t\t\t\t<\/div>\n\t\t\t\t<\/div>\n\t\t\t\t<\/div>\n\t\t","protected":false},"excerpt":{"rendered":"<p>La llama ol\u00edmpica STEM+ recorre los valles cochabambinos fortaleciendo el esp\u00edritu cient\u00edfico y colaborativo Con entusiasmo y participaci\u00f3n activa de estudiantes, docentes y directivos, la Antorcha Ol\u00edmpica de las Olimpiadas STEM+ 2025 contin\u00faa su recorrido por distintos municipios del departamento &hellip;<\/p>\n<p class=\"read-more\"> <a class=\"more-link\" href=\"https:\/\/servidorfesa.com\/index.php\/la-llama-olimpica-stem\/\"> <span class=\"screen-reader-text\">La llama ol\u00edmpica STEM<\/span> Read More &raquo;<\/a><\/p>\n","protected":false},"author":1,"featured_media":0,"parent":0,"menu_order":0,"comment_status":"closed","ping_status":"closed","template":"elementor_header_footer","meta":{"pmpro_default_level":"","footnotes":""},"class_list":["post-4941","page","type-page","status-publish","hentry","pmpro-has-access"],"featured_image_src":"","featured_image_src_square":false,"rbea_author_info":{"display_name":"juan.choque","author_link":"https:\/\/servidorfesa.com\/index.php\/author\/juan-choque\/"},"rbea_excerpt_info":"La llama ol\u00edmpica STEM+ recorre los valles cochabambinos fortaleciendo el esp\u00edritu cient\u00edfico y colaborativo Con entusiasmo y participaci\u00f3n activa de estudiantes, docentes y directivos, la Antorcha Ol\u00edmpica de las Olimpiadas STEM+ 2025 contin\u00faa su recorrido por distintos municipios del departamento &hellip;<p class=\"read-more\"> <a class=\"more-link\" href=\"https:\/\/servidorfesa.com\/index.php\/la-llama-olimpica-stem\/\"> <span class=\"screen-reader-text\">La llama ol\u00edmpica STEM<\/span> Read More &raquo;<\/a><\/p>","_links":{"self":[{"href":"https:\/\/servidorfesa.com\/index.php\/wp-json\/wp\/v2\/pages\/4941","targetHints":{"allow":["GET"]}}],"collection":[{"href":"https:\/\/servidorfesa.com\/index.php\/wp-json\/wp\/v2\/pages"}],"about":[{"href":"https:\/\/servidorfesa.com\/index.php\/wp-json\/wp\/v2\/types\/page"}],"author":[{"embeddable":true,"href":"https:\/\/servidorfesa.com\/index.php\/wp-json\/wp\/v2\/users\/1"}],"replies":[{"embeddable":true,"href":"https:\/\/servidorfesa.com\/index.php\/wp-json\/wp\/v2\/comments?post=4941"}],"version-history":[{"count":46,"href":"https:\/\/servidorfesa.com\/index.php\/wp-json\/wp\/v2\/pages\/4941\/revisions"}],"predecessor-version":[{"id":4993,"href":"https:\/\/servidorfesa.com\/index.php\/wp-json\/wp\/v2\/pages\/4941\/revisions\/4993"}],"wp:attachment":[{"href":"https:\/\/servidorfesa.com\/index.php\/wp-json\/wp\/v2\/media?parent=4941"}],"curies":[{"name":"wp","href":"https:\/\/api.w.org\/{rel}","templated":true}]}}