{"id":4994,"date":"2025-05-09T23:22:18","date_gmt":"2025-05-09T21:22:18","guid":{"rendered":"https:\/\/servidorfesa.com\/?page_id=4994"},"modified":"2025-05-09T23:41:04","modified_gmt":"2025-05-09T21:41:04","slug":"tarija-se-suma-al-desafio-stem","status":"publish","type":"page","link":"https:\/\/servidorfesa.com\/index.php\/tarija-se-suma-al-desafio-stem\/","title":{"rendered":"Tarija se suma al desaf\u00edo STEM"},"content":{"rendered":"\t\t<div data-elementor-type=\"wp-page\" data-elementor-id=\"4994\" class=\"elementor elementor-4994\">\n\t\t\t\t\t\t<section class=\"elementor-section elementor-top-section elementor-element elementor-element-3ed1347 elementor-section-boxed elementor-section-height-default elementor-section-height-default\" data-id=\"3ed1347\" data-element_type=\"section\" data-settings=\"{&quot;background_background&quot;:&quot;classic&quot;}\">\n\t\t\t\t\t\t\t<div class=\"elementor-background-overlay\"><\/div>\n\t\t\t\t\t\t\t<div class=\"elementor-container elementor-column-gap-default\">\n\t\t\t\t\t<div class=\"elementor-column elementor-col-100 elementor-top-column elementor-element elementor-element-f1b71fe\" data-id=\"f1b71fe\" data-element_type=\"column\">\n\t\t\t<div class=\"elementor-widget-wrap elementor-element-populated\">\n\t\t\t\t\t\t<div class=\"elementor-element elementor-element-25e2628 elementor-widget elementor-widget-heading\" data-id=\"25e2628\" data-element_type=\"widget\" data-widget_type=\"heading.default\">\n\t\t\t\t<div class=\"elementor-widget-container\">\n\t\t\t\t\t<h1 class=\"elementor-heading-title elementor-size-default\">Tarija se suma al desaf\u00edo STEM+: \n<br \/>Comienza una nueva era educativa en el sur del pa\u00eds<\/h1>\t\t\t\t<\/div>\n\t\t\t\t<\/div>\n\t\t\t\t\t<\/div>\n\t\t<\/div>\n\t\t\t\t\t<\/div>\n\t\t<\/section>\n\t\t\t\t<section class=\"elementor-section elementor-top-section elementor-element elementor-element-6fe1f6f elementor-section-boxed elementor-section-height-default elementor-section-height-default\" data-id=\"6fe1f6f\" data-element_type=\"section\" data-settings=\"{&quot;background_background&quot;:&quot;classic&quot;}\">\n\t\t\t\t\t\t<div class=\"elementor-container elementor-column-gap-default\">\n\t\t\t\t\t<div class=\"elementor-column elementor-col-50 elementor-top-column elementor-element elementor-element-5089108\" data-id=\"5089108\" data-element_type=\"column\">\n\t\t\t<div class=\"elementor-widget-wrap elementor-element-populated\">\n\t\t\t\t\t\t<div class=\"elementor-element elementor-element-f450774 elementor-widget elementor-widget-image\" data-id=\"f450774\" data-element_type=\"widget\" data-widget_type=\"image.default\">\n\t\t\t\t<div class=\"elementor-widget-container\">\n\t\t\t\t\t\t\t\t\t\t\t\t\t\t\t<img fetchpriority=\"high\" decoding=\"async\" width=\"605\" height=\"454\" src=\"https:\/\/servidorfesa.com\/wp-content\/uploads\/2025\/05\/tarija-4-1024x768.jpg\" class=\"attachment-large size-large wp-image-5001\" alt=\"\" srcset=\"https:\/\/servidorfesa.com\/wp-content\/uploads\/2025\/05\/tarija-4-1024x768.jpg 1024w, https:\/\/servidorfesa.com\/wp-content\/uploads\/2025\/05\/tarija-4-300x225.jpg 300w, https:\/\/servidorfesa.com\/wp-content\/uploads\/2025\/05\/tarija-4-768x576.jpg 768w, https:\/\/servidorfesa.com\/wp-content\/uploads\/2025\/05\/tarija-4-1536x1152.jpg 1536w, https:\/\/servidorfesa.com\/wp-content\/uploads\/2025\/05\/tarija-4-100x75.jpg 100w, https:\/\/servidorfesa.com\/wp-content\/uploads\/2025\/05\/tarija-4-150x113.jpg 150w, https:\/\/servidorfesa.com\/wp-content\/uploads\/2025\/05\/tarija-4-200x150.jpg 200w, https:\/\/servidorfesa.com\/wp-content\/uploads\/2025\/05\/tarija-4-450x338.jpg 450w, https:\/\/servidorfesa.com\/wp-content\/uploads\/2025\/05\/tarija-4-600x450.jpg 600w, https:\/\/servidorfesa.com\/wp-content\/uploads\/2025\/05\/tarija-4-900x675.jpg 900w, https:\/\/servidorfesa.com\/wp-content\/uploads\/2025\/05\/tarija-4.jpg 2048w\" sizes=\"(max-width: 605px) 100vw, 605px\" \/>\t\t\t\t\t\t\t\t\t\t\t\t\t\t\t<\/div>\n\t\t\t\t<\/div>\n\t\t\t\t\t<\/div>\n\t\t<\/div>\n\t\t\t\t<div class=\"elementor-column elementor-col-50 elementor-top-column elementor-element elementor-element-339e12a\" data-id=\"339e12a\" data-element_type=\"column\">\n\t\t\t<div class=\"elementor-widget-wrap elementor-element-populated\">\n\t\t\t\t\t\t<div class=\"elementor-element elementor-element-21f925d elementor-widget elementor-widget-heading\" data-id=\"21f925d\" data-element_type=\"widget\" data-widget_type=\"heading.default\">\n\t\t\t\t<div class=\"elementor-widget-container\">\n\t\t\t\t\t<p class=\"elementor-heading-title elementor-size-default\">En un hito clave para la expansi\u00f3n de la educaci\u00f3n cient\u00edfica en Bolivia, la Fundaci\u00f3n Educacional San Agust\u00edn (FESA) firm\u00f3 un convenio con la Direcci\u00f3n Departamental de Educaci\u00f3n (DDE) de Tarija, oficializando la implementaci\u00f3n de las Olimpiadas STEM+ 2025 en el departamento.\n<br \/>\nEste acuerdo representa una alianza estrat\u00e9gica orientada a potenciar el pensamiento cr\u00edtico, la creatividad y la capacidad de resoluci\u00f3n de problemas en estudiantes de secundaria. A trav\u00e9s de las \u00e1reas de ciencia, tecnolog\u00eda, ingenier\u00eda, matem\u00e1ticas y otras disciplinas, las Olimpiadas STEM+ buscan promover la participaci\u00f3n activa de los j\u00f3venes en la identificaci\u00f3n de problem\u00e1ticas de su entorno y el desarrollo de soluciones concretas mediante prototipos funcionales.\n<br \/>\nCon la incorporaci\u00f3n de Tarija, las Olimpiadas ampl\u00edan su alcance y fortalecen su car\u00e1cter interdepartamental, reafirmando su compromiso con una educaci\u00f3n transformadora, equitativa y contextualizada.\n<br \/>\nLa firma del convenio marca el inicio de una nueva etapa para la comunidad educativa tarije\u00f1a, que se suma a este proceso formativo que se extender\u00e1 hasta noviembre de 2025. Las Olimpiadas STEM+ son organizadas por FESA en alianza con la Fundaci\u00f3n Pati\u00f1o, la Fundaci\u00f3n UPB y el Centro de Investigaciones Qu\u00edmicas (CIQ), y este a\u00f1o involucran a m\u00e1s de 1.000 estudiantes y 300 docentes en todo el departamento de Cochabamba.\n<br \/>\nCon este paso, Tarija se prepara para vivir una experiencia educativa innovadora, desafiante y llena de oportunidades.<\/p>\t\t\t\t<\/div>\n\t\t\t\t<\/div>\n\t\t\t\t\t<\/div>\n\t\t<\/div>\n\t\t\t\t\t<\/div>\n\t\t<\/section>\n\t\t<div class=\"elementor-element elementor-element-f1462d6 e-flex e-con-boxed e-con e-parent\" data-id=\"f1462d6\" data-element_type=\"container\">\n\t\t\t\t\t<div class=\"e-con-inner\">\n\t\t\t\t<div class=\"elementor-element elementor-element-168643f elementor-widget elementor-widget-image-gallery\" data-id=\"168643f\" data-element_type=\"widget\" data-widget_type=\"image-gallery.default\">\n\t\t\t\t<div class=\"elementor-widget-container\">\n\t\t\t\t\t\t\t<div class=\"elementor-image-gallery\">\n\t\t\t<div id='gallery-1' class='gallery galleryid-4994 gallery-columns-2 gallery-size-large'><figure class='gallery-item'>\n\t\t\t<div class='gallery-icon landscape'>\n\t\t\t\t<a data-elementor-open-lightbox=\"yes\" data-elementor-lightbox-slideshow=\"168643f\" data-elementor-lightbox-title=\"tarija 1\" data-e-action-hash=\"#elementor-action%3Aaction%3Dlightbox%26settings%3DeyJpZCI6NTAwOCwidXJsIjoiaHR0cHM6XC9cL3NlcnZpZG9yZmVzYS5jb21cL3dwLWNvbnRlbnRcL3VwbG9hZHNcLzIwMjVcLzA1XC90YXJpamEtMS5qcGciLCJzbGlkZXNob3ciOiIxNjg2NDNmIn0%3D\" href='https:\/\/servidorfesa.com\/wp-content\/uploads\/2025\/05\/tarija-1.jpg'><img decoding=\"async\" width=\"605\" height=\"454\" src=\"https:\/\/servidorfesa.com\/wp-content\/uploads\/2025\/05\/tarija-1-1024x768.jpg\" class=\"attachment-large size-large\" alt=\"\" srcset=\"https:\/\/servidorfesa.com\/wp-content\/uploads\/2025\/05\/tarija-1-1024x768.jpg 1024w, https:\/\/servidorfesa.com\/wp-content\/uploads\/2025\/05\/tarija-1-300x225.jpg 300w, https:\/\/servidorfesa.com\/wp-content\/uploads\/2025\/05\/tarija-1-768x576.jpg 768w, https:\/\/servidorfesa.com\/wp-content\/uploads\/2025\/05\/tarija-1-100x75.jpg 100w, https:\/\/servidorfesa.com\/wp-content\/uploads\/2025\/05\/tarija-1-150x113.jpg 150w, https:\/\/servidorfesa.com\/wp-content\/uploads\/2025\/05\/tarija-1-200x150.jpg 200w, https:\/\/servidorfesa.com\/wp-content\/uploads\/2025\/05\/tarija-1-450x338.jpg 450w, https:\/\/servidorfesa.com\/wp-content\/uploads\/2025\/05\/tarija-1-600x450.jpg 600w, https:\/\/servidorfesa.com\/wp-content\/uploads\/2025\/05\/tarija-1-900x675.jpg 900w, https:\/\/servidorfesa.com\/wp-content\/uploads\/2025\/05\/tarija-1.jpg 1040w\" sizes=\"(max-width: 605px) 100vw, 605px\" \/><\/a>\n\t\t\t<\/div><\/figure><figure class='gallery-item'>\n\t\t\t<div class='gallery-icon landscape'>\n\t\t\t\t<a data-elementor-open-lightbox=\"yes\" data-elementor-lightbox-slideshow=\"168643f\" data-elementor-lightbox-title=\"tarija 2\" data-e-action-hash=\"#elementor-action%3Aaction%3Dlightbox%26settings%3DeyJpZCI6NTAwOSwidXJsIjoiaHR0cHM6XC9cL3NlcnZpZG9yZmVzYS5jb21cL3dwLWNvbnRlbnRcL3VwbG9hZHNcLzIwMjVcLzA1XC90YXJpamEtMi5qcGciLCJzbGlkZXNob3ciOiIxNjg2NDNmIn0%3D\" href='https:\/\/servidorfesa.com\/wp-content\/uploads\/2025\/05\/tarija-2.jpg'><img decoding=\"async\" width=\"605\" height=\"454\" src=\"https:\/\/servidorfesa.com\/wp-content\/uploads\/2025\/05\/tarija-2-1024x768.jpg\" class=\"attachment-large size-large\" alt=\"\" srcset=\"https:\/\/servidorfesa.com\/wp-content\/uploads\/2025\/05\/tarija-2-1024x768.jpg 1024w, https:\/\/servidorfesa.com\/wp-content\/uploads\/2025\/05\/tarija-2-300x225.jpg 300w, https:\/\/servidorfesa.com\/wp-content\/uploads\/2025\/05\/tarija-2-768x576.jpg 768w, https:\/\/servidorfesa.com\/wp-content\/uploads\/2025\/05\/tarija-2-100x75.jpg 100w, https:\/\/servidorfesa.com\/wp-content\/uploads\/2025\/05\/tarija-2-150x113.jpg 150w, https:\/\/servidorfesa.com\/wp-content\/uploads\/2025\/05\/tarija-2-200x150.jpg 200w, https:\/\/servidorfesa.com\/wp-content\/uploads\/2025\/05\/tarija-2-450x338.jpg 450w, https:\/\/servidorfesa.com\/wp-content\/uploads\/2025\/05\/tarija-2-600x450.jpg 600w, https:\/\/servidorfesa.com\/wp-content\/uploads\/2025\/05\/tarija-2-900x675.jpg 900w, https:\/\/servidorfesa.com\/wp-content\/uploads\/2025\/05\/tarija-2.jpg 1280w\" sizes=\"(max-width: 605px) 100vw, 605px\" \/><\/a>\n\t\t\t<\/div><\/figure><figure class='gallery-item'>\n\t\t\t<div class='gallery-icon landscape'>\n\t\t\t\t<a data-elementor-open-lightbox=\"yes\" data-elementor-lightbox-slideshow=\"168643f\" data-elementor-lightbox-title=\"tarija 3\" data-e-action-hash=\"#elementor-action%3Aaction%3Dlightbox%26settings%3DeyJpZCI6NTAxMCwidXJsIjoiaHR0cHM6XC9cL3NlcnZpZG9yZmVzYS5jb21cL3dwLWNvbnRlbnRcL3VwbG9hZHNcLzIwMjVcLzA1XC90YXJpamEtMy0xLmpwZyIsInNsaWRlc2hvdyI6IjE2ODY0M2YifQ%3D%3D\" href='https:\/\/servidorfesa.com\/wp-content\/uploads\/2025\/05\/tarija-3-1.jpg'><img loading=\"lazy\" decoding=\"async\" width=\"605\" height=\"454\" src=\"https:\/\/servidorfesa.com\/wp-content\/uploads\/2025\/05\/tarija-3-1-1024x768.jpg\" class=\"attachment-large size-large\" alt=\"\" srcset=\"https:\/\/servidorfesa.com\/wp-content\/uploads\/2025\/05\/tarija-3-1-1024x768.jpg 1024w, https:\/\/servidorfesa.com\/wp-content\/uploads\/2025\/05\/tarija-3-1-300x225.jpg 300w, https:\/\/servidorfesa.com\/wp-content\/uploads\/2025\/05\/tarija-3-1-768x576.jpg 768w, https:\/\/servidorfesa.com\/wp-content\/uploads\/2025\/05\/tarija-3-1-100x75.jpg 100w, https:\/\/servidorfesa.com\/wp-content\/uploads\/2025\/05\/tarija-3-1-150x113.jpg 150w, https:\/\/servidorfesa.com\/wp-content\/uploads\/2025\/05\/tarija-3-1-200x150.jpg 200w, https:\/\/servidorfesa.com\/wp-content\/uploads\/2025\/05\/tarija-3-1-450x338.jpg 450w, https:\/\/servidorfesa.com\/wp-content\/uploads\/2025\/05\/tarija-3-1-600x450.jpg 600w, https:\/\/servidorfesa.com\/wp-content\/uploads\/2025\/05\/tarija-3-1-900x675.jpg 900w, https:\/\/servidorfesa.com\/wp-content\/uploads\/2025\/05\/tarija-3-1.jpg 1280w\" sizes=\"(max-width: 605px) 100vw, 605px\" \/><\/a>\n\t\t\t<\/div><\/figure><figure class='gallery-item'>\n\t\t\t<div class='gallery-icon landscape'>\n\t\t\t\t<a data-elementor-open-lightbox=\"yes\" data-elementor-lightbox-slideshow=\"168643f\" data-elementor-lightbox-title=\"tarija 4\" data-e-action-hash=\"#elementor-action%3Aaction%3Dlightbox%26settings%3DeyJpZCI6NTAxMSwidXJsIjoiaHR0cHM6XC9cL3NlcnZpZG9yZmVzYS5jb21cL3dwLWNvbnRlbnRcL3VwbG9hZHNcLzIwMjVcLzA1XC90YXJpamEtNC0xLmpwZyIsInNsaWRlc2hvdyI6IjE2ODY0M2YifQ%3D%3D\" href='https:\/\/servidorfesa.com\/wp-content\/uploads\/2025\/05\/tarija-4-1.jpg'><img loading=\"lazy\" decoding=\"async\" width=\"605\" height=\"454\" src=\"https:\/\/servidorfesa.com\/wp-content\/uploads\/2025\/05\/tarija-4-1-1024x768.jpg\" class=\"attachment-large size-large\" alt=\"\" srcset=\"https:\/\/servidorfesa.com\/wp-content\/uploads\/2025\/05\/tarija-4-1-1024x768.jpg 1024w, https:\/\/servidorfesa.com\/wp-content\/uploads\/2025\/05\/tarija-4-1-300x225.jpg 300w, https:\/\/servidorfesa.com\/wp-content\/uploads\/2025\/05\/tarija-4-1-768x576.jpg 768w, https:\/\/servidorfesa.com\/wp-content\/uploads\/2025\/05\/tarija-4-1-1536x1152.jpg 1536w, https:\/\/servidorfesa.com\/wp-content\/uploads\/2025\/05\/tarija-4-1-100x75.jpg 100w, https:\/\/servidorfesa.com\/wp-content\/uploads\/2025\/05\/tarija-4-1-150x113.jpg 150w, https:\/\/servidorfesa.com\/wp-content\/uploads\/2025\/05\/tarija-4-1-200x150.jpg 200w, https:\/\/servidorfesa.com\/wp-content\/uploads\/2025\/05\/tarija-4-1-450x338.jpg 450w, https:\/\/servidorfesa.com\/wp-content\/uploads\/2025\/05\/tarija-4-1-600x450.jpg 600w, https:\/\/servidorfesa.com\/wp-content\/uploads\/2025\/05\/tarija-4-1-900x675.jpg 900w, https:\/\/servidorfesa.com\/wp-content\/uploads\/2025\/05\/tarija-4-1.jpg 2048w\" sizes=\"(max-width: 605px) 100vw, 605px\" \/><\/a>\n\t\t\t<\/div><\/figure>\n\t\t<\/div>\n\t\t<\/div>\n\t\t\t\t\t\t<\/div>\n\t\t\t\t<\/div>\n\t\t\t\t\t<\/div>\n\t\t\t\t<\/div>\n\t\t\t\t<\/div>\n\t\t","protected":false},"excerpt":{"rendered":"<p>Tarija se suma al desaf\u00edo STEM+: Comienza una nueva era educativa en el sur del pa\u00eds En un hito clave para la expansi\u00f3n de la educaci\u00f3n cient\u00edfica en Bolivia, la Fundaci\u00f3n Educacional San Agust\u00edn (FESA) firm\u00f3 un convenio con la &hellip;<\/p>\n<p class=\"read-more\"> <a class=\"more-link\" href=\"https:\/\/servidorfesa.com\/index.php\/tarija-se-suma-al-desafio-stem\/\"> <span class=\"screen-reader-text\">Tarija se suma al desaf\u00edo STEM<\/span> Read More &raquo;<\/a><\/p>\n","protected":false},"author":1,"featured_media":0,"parent":0,"menu_order":0,"comment_status":"closed","ping_status":"closed","template":"elementor_header_footer","meta":{"pmpro_default_level":"","footnotes":""},"class_list":["post-4994","page","type-page","status-publish","hentry","pmpro-has-access"],"featured_image_src":"","featured_image_src_square":false,"rbea_author_info":{"display_name":"juan.choque","author_link":"https:\/\/servidorfesa.com\/index.php\/author\/juan-choque\/"},"rbea_excerpt_info":"Tarija se suma al desaf\u00edo STEM+: Comienza una nueva era educativa en el sur del pa\u00eds En un hito clave para la expansi\u00f3n de la educaci\u00f3n cient\u00edfica en Bolivia, la Fundaci\u00f3n Educacional San Agust\u00edn (FESA) firm\u00f3 un convenio con la &hellip;<p class=\"read-more\"> <a class=\"more-link\" href=\"https:\/\/servidorfesa.com\/index.php\/tarija-se-suma-al-desafio-stem\/\"> <span class=\"screen-reader-text\">Tarija se suma al desaf\u00edo STEM<\/span> Read More &raquo;<\/a><\/p>","_links":{"self":[{"href":"https:\/\/servidorfesa.com\/index.php\/wp-json\/wp\/v2\/pages\/4994","targetHints":{"allow":["GET"]}}],"collection":[{"href":"https:\/\/servidorfesa.com\/index.php\/wp-json\/wp\/v2\/pages"}],"about":[{"href":"https:\/\/servidorfesa.com\/index.php\/wp-json\/wp\/v2\/types\/page"}],"author":[{"embeddable":true,"href":"https:\/\/servidorfesa.com\/index.php\/wp-json\/wp\/v2\/users\/1"}],"replies":[{"embeddable":true,"href":"https:\/\/servidorfesa.com\/index.php\/wp-json\/wp\/v2\/comments?post=4994"}],"version-history":[{"count":13,"href":"https:\/\/servidorfesa.com\/index.php\/wp-json\/wp\/v2\/pages\/4994\/revisions"}],"predecessor-version":[{"id":5017,"href":"https:\/\/servidorfesa.com\/index.php\/wp-json\/wp\/v2\/pages\/4994\/revisions\/5017"}],"wp:attachment":[{"href":"https:\/\/servidorfesa.com\/index.php\/wp-json\/wp\/v2\/media?parent=4994"}],"curies":[{"name":"wp","href":"https:\/\/api.w.org\/{rel}","templated":true}]}}