{"id":5144,"date":"2025-08-01T15:23:58","date_gmt":"2025-08-01T13:23:58","guid":{"rendered":"https:\/\/servidorfesa.com\/?page_id=5144"},"modified":"2025-08-01T15:44:42","modified_gmt":"2025-08-01T13:44:42","slug":"impacto-stem-2025","status":"publish","type":"page","link":"https:\/\/servidorfesa.com\/index.php\/impacto-stem-2025\/","title":{"rendered":"impacto STEM 2025"},"content":{"rendered":"\t\t<div data-elementor-type=\"wp-page\" data-elementor-id=\"5144\" class=\"elementor elementor-5144\">\n\t\t\t\t\t\t<section class=\"elementor-section elementor-top-section elementor-element elementor-element-3ed1347 elementor-section-boxed elementor-section-height-default elementor-section-height-default\" data-id=\"3ed1347\" data-element_type=\"section\" data-settings=\"{&quot;background_background&quot;:&quot;classic&quot;}\">\n\t\t\t\t\t\t\t<div class=\"elementor-background-overlay\"><\/div>\n\t\t\t\t\t\t\t<div class=\"elementor-container elementor-column-gap-default\">\n\t\t\t\t\t<div class=\"elementor-column elementor-col-100 elementor-top-column elementor-element elementor-element-f1b71fe\" data-id=\"f1b71fe\" data-element_type=\"column\">\n\t\t\t<div class=\"elementor-widget-wrap elementor-element-populated\">\n\t\t\t\t\t\t<div class=\"elementor-element elementor-element-25e2628 elementor-widget elementor-widget-heading\" data-id=\"25e2628\" data-element_type=\"widget\" data-widget_type=\"heading.default\">\n\t\t\t\t<div class=\"elementor-widget-container\">\n\t\t\t\t\t<h1 class=\"elementor-heading-title elementor-size-default\"><strong>IMPACTO STEM+: <\/strong>\n<br \/>\ndatos, rostros y casos de \u00e9xito<\/h1>\t\t\t\t<\/div>\n\t\t\t\t<\/div>\n\t\t\t\t\t<\/div>\n\t\t<\/div>\n\t\t\t\t\t<\/div>\n\t\t<\/section>\n\t\t\t\t<section class=\"elementor-section elementor-top-section elementor-element elementor-element-6fe1f6f elementor-section-boxed elementor-section-height-default elementor-section-height-default\" data-id=\"6fe1f6f\" data-element_type=\"section\" data-settings=\"{&quot;background_background&quot;:&quot;classic&quot;}\">\n\t\t\t\t\t\t<div class=\"elementor-container elementor-column-gap-default\">\n\t\t\t\t\t<div class=\"elementor-column elementor-col-50 elementor-top-column elementor-element elementor-element-339e12a\" data-id=\"339e12a\" data-element_type=\"column\">\n\t\t\t<div class=\"elementor-widget-wrap elementor-element-populated\">\n\t\t\t\t\t\t<div class=\"elementor-element elementor-element-996e6c7 elementor-widget elementor-widget-heading\" data-id=\"996e6c7\" data-element_type=\"widget\" data-widget_type=\"heading.default\">\n\t\t\t\t<div class=\"elementor-widget-container\">\n\t\t\t\t\t<h2 class=\"elementor-heading-title elementor-size-default\">Primer Estudio de las Olimpiadas STEM+ 2024-2023<\/h2>\t\t\t\t<\/div>\n\t\t\t\t<\/div>\n\t\t\t\t<div class=\"elementor-element elementor-element-be42a1c elementor-widget elementor-widget-text-editor\" data-id=\"be42a1c\" data-element_type=\"widget\" data-widget_type=\"text-editor.default\">\n\t\t\t\t<div class=\"elementor-widget-container\">\n\t\t\t\t\t\t\t\t\t<p>Desde la Fundaci\u00f3n Educacional San Agust\u00edn, presentamos con orgullo el primer estudio de investigaci\u00f3n de las Olimpiadas STEM+ 2024-2023, un hito que no solo visibiliza el esfuerzo de m\u00e1s de 1.500 estudiantes y 360 docentes, sino que aporta evidencia clave para transformar la educaci\u00f3n en Bolivia.<\/p><p>\ud83d\udcca Este estudio integra datos cuantitativos y cualitativos sobre:<br \/>\u2705 El contexto socioeducativo de los participantes<br \/>\u2705 Su rendimiento y motivaci\u00f3n<br \/>\u2705 Las brechas socioeducativas existentes<br \/>\u2705 Apoyos que necesitamos fortalecer<\/p><p>M\u00e1s que una evaluaci\u00f3n, es una herramienta para que tomadores de decisi\u00f3n, educadores y comunidades puedan impulsar pol\u00edticas y acciones concretas en favor de la equidad, el talento y la innovaci\u00f3n educativa. Porque educar con prop\u00f3sito tambi\u00e9n significa medir, reflexionar y actuar.<\/p><p>\ud83d\udd17 <a href=\"https:\/\/drive.google.com\/file\/d\/1dwqZfP1-QeaktV81dsoGjgRjEpY3KTLt\/view?usp=drive_link\" target=\"_blank\" rel=\"noopener\">https:\/\/drive.google.com\/file\/d\/1dwqZfP1-QeaktV81dsoGjgRjEpY3KTLt\/view?usp=drive_link<\/a><\/p>\t\t\t\t\t\t\t\t<\/div>\n\t\t\t\t<\/div>\n\t\t\t\t\t<\/div>\n\t\t<\/div>\n\t\t\t\t<div class=\"elementor-column elementor-col-50 elementor-top-column elementor-element elementor-element-5089108\" data-id=\"5089108\" data-element_type=\"column\">\n\t\t\t<div class=\"elementor-widget-wrap elementor-element-populated\">\n\t\t\t\t\t\t<div class=\"elementor-element elementor-element-986e25e elementor-widget elementor-widget-image\" data-id=\"986e25e\" data-element_type=\"widget\" data-widget_type=\"image.default\">\n\t\t\t\t<div class=\"elementor-widget-container\">\n\t\t\t\t\t\t\t\t\t\t\t\t\t\t\t<img fetchpriority=\"high\" decoding=\"async\" width=\"1080\" height=\"1326\" src=\"https:\/\/servidorfesa.com\/wp-content\/uploads\/2025\/08\/Mockup_Libro-de-investigacion_3.jpg\" class=\"attachment-full size-full wp-image-5147\" alt=\"\" srcset=\"https:\/\/servidorfesa.com\/wp-content\/uploads\/2025\/08\/Mockup_Libro-de-investigacion_3.jpg 1080w, https:\/\/servidorfesa.com\/wp-content\/uploads\/2025\/08\/Mockup_Libro-de-investigacion_3-244x300.jpg 244w, https:\/\/servidorfesa.com\/wp-content\/uploads\/2025\/08\/Mockup_Libro-de-investigacion_3-834x1024.jpg 834w, https:\/\/servidorfesa.com\/wp-content\/uploads\/2025\/08\/Mockup_Libro-de-investigacion_3-768x943.jpg 768w, https:\/\/servidorfesa.com\/wp-content\/uploads\/2025\/08\/Mockup_Libro-de-investigacion_3-100x123.jpg 100w, https:\/\/servidorfesa.com\/wp-content\/uploads\/2025\/08\/Mockup_Libro-de-investigacion_3-150x184.jpg 150w, https:\/\/servidorfesa.com\/wp-content\/uploads\/2025\/08\/Mockup_Libro-de-investigacion_3-200x246.jpg 200w, https:\/\/servidorfesa.com\/wp-content\/uploads\/2025\/08\/Mockup_Libro-de-investigacion_3-300x368.jpg 300w, https:\/\/servidorfesa.com\/wp-content\/uploads\/2025\/08\/Mockup_Libro-de-investigacion_3-450x553.jpg 450w, https:\/\/servidorfesa.com\/wp-content\/uploads\/2025\/08\/Mockup_Libro-de-investigacion_3-600x737.jpg 600w, https:\/\/servidorfesa.com\/wp-content\/uploads\/2025\/08\/Mockup_Libro-de-investigacion_3-900x1105.jpg 900w\" sizes=\"(max-width: 1080px) 100vw, 1080px\" \/>\t\t\t\t\t\t\t\t\t\t\t\t\t\t\t<\/div>\n\t\t\t\t<\/div>\n\t\t\t\t\t<\/div>\n\t\t<\/div>\n\t\t\t\t\t<\/div>\n\t\t<\/section>\n\t\t\t\t<section class=\"elementor-section elementor-top-section elementor-element elementor-element-6c56cb5 elementor-section-boxed elementor-section-height-default elementor-section-height-default\" data-id=\"6c56cb5\" data-element_type=\"section\" data-settings=\"{&quot;background_background&quot;:&quot;classic&quot;}\">\n\t\t\t\t\t\t<div class=\"elementor-container elementor-column-gap-default\">\n\t\t\t\t\t<div class=\"elementor-column elementor-col-100 elementor-top-column elementor-element elementor-element-04f4502\" data-id=\"04f4502\" data-element_type=\"column\">\n\t\t\t<div class=\"elementor-widget-wrap elementor-element-populated\">\n\t\t\t\t\t\t<div class=\"elementor-element elementor-element-888986f elementor-widget elementor-widget-image\" data-id=\"888986f\" data-element_type=\"widget\" data-widget_type=\"image.default\">\n\t\t\t\t<div class=\"elementor-widget-container\">\n\t\t\t\t\t\t\t\t\t\t\t\t\t\t\t<img decoding=\"async\" width=\"2560\" height=\"1707\" src=\"https:\/\/servidorfesa.com\/wp-content\/uploads\/2025\/08\/DSC_0474-scaled.jpg\" class=\"attachment-full size-full wp-image-5165\" alt=\"\" srcset=\"https:\/\/servidorfesa.com\/wp-content\/uploads\/2025\/08\/DSC_0474-scaled.jpg 2560w, https:\/\/servidorfesa.com\/wp-content\/uploads\/2025\/08\/DSC_0474-300x200.jpg 300w, https:\/\/servidorfesa.com\/wp-content\/uploads\/2025\/08\/DSC_0474-1024x683.jpg 1024w, https:\/\/servidorfesa.com\/wp-content\/uploads\/2025\/08\/DSC_0474-768x512.jpg 768w, https:\/\/servidorfesa.com\/wp-content\/uploads\/2025\/08\/DSC_0474-1536x1024.jpg 1536w, https:\/\/servidorfesa.com\/wp-content\/uploads\/2025\/08\/DSC_0474-2048x1365.jpg 2048w, https:\/\/servidorfesa.com\/wp-content\/uploads\/2025\/08\/DSC_0474-100x67.jpg 100w, https:\/\/servidorfesa.com\/wp-content\/uploads\/2025\/08\/DSC_0474-150x100.jpg 150w, https:\/\/servidorfesa.com\/wp-content\/uploads\/2025\/08\/DSC_0474-200x133.jpg 200w, https:\/\/servidorfesa.com\/wp-content\/uploads\/2025\/08\/DSC_0474-450x300.jpg 450w, https:\/\/servidorfesa.com\/wp-content\/uploads\/2025\/08\/DSC_0474-600x400.jpg 600w, https:\/\/servidorfesa.com\/wp-content\/uploads\/2025\/08\/DSC_0474-900x600.jpg 900w\" sizes=\"(max-width: 2560px) 100vw, 2560px\" \/>\t\t\t\t\t\t\t\t\t\t\t\t\t\t\t<\/div>\n\t\t\t\t<\/div>\n\t\t\t\t\t<\/div>\n\t\t<\/div>\n\t\t\t\t\t<\/div>\n\t\t<\/section>\n\t\t\t\t<\/div>\n\t\t","protected":false},"excerpt":{"rendered":"<p>IMPACTO STEM+: datos, rostros y casos de \u00e9xito Primer Estudio de las Olimpiadas STEM+ 2024-2023 Desde la Fundaci\u00f3n Educacional San Agust\u00edn, presentamos con orgullo el primer estudio de investigaci\u00f3n de las Olimpiadas STEM+ 2024-2023, un hito que no solo visibiliza &hellip;<\/p>\n<p class=\"read-more\"> <a class=\"more-link\" href=\"https:\/\/servidorfesa.com\/index.php\/impacto-stem-2025\/\"> <span class=\"screen-reader-text\">impacto STEM 2025<\/span> Read More &raquo;<\/a><\/p>\n","protected":false},"author":1,"featured_media":0,"parent":0,"menu_order":0,"comment_status":"closed","ping_status":"closed","template":"elementor_header_footer","meta":{"pmpro_default_level":"","footnotes":""},"class_list":["post-5144","page","type-page","status-publish","hentry","pmpro-has-access"],"featured_image_src":"","featured_image_src_square":false,"rbea_author_info":{"display_name":"juan.choque","author_link":"https:\/\/servidorfesa.com\/index.php\/author\/juan-choque\/"},"rbea_excerpt_info":"IMPACTO STEM+: datos, rostros y casos de \u00e9xito Primer Estudio de las Olimpiadas STEM+ 2024-2023 Desde la Fundaci\u00f3n Educacional San Agust\u00edn, presentamos con orgullo el primer estudio de investigaci\u00f3n de las Olimpiadas STEM+ 2024-2023, un hito que no solo visibiliza &hellip;<p class=\"read-more\"> <a class=\"more-link\" href=\"https:\/\/servidorfesa.com\/index.php\/impacto-stem-2025\/\"> <span class=\"screen-reader-text\">impacto STEM 2025<\/span> Read More &raquo;<\/a><\/p>","_links":{"self":[{"href":"https:\/\/servidorfesa.com\/index.php\/wp-json\/wp\/v2\/pages\/5144","targetHints":{"allow":["GET"]}}],"collection":[{"href":"https:\/\/servidorfesa.com\/index.php\/wp-json\/wp\/v2\/pages"}],"about":[{"href":"https:\/\/servidorfesa.com\/index.php\/wp-json\/wp\/v2\/types\/page"}],"author":[{"embeddable":true,"href":"https:\/\/servidorfesa.com\/index.php\/wp-json\/wp\/v2\/users\/1"}],"replies":[{"embeddable":true,"href":"https:\/\/servidorfesa.com\/index.php\/wp-json\/wp\/v2\/comments?post=5144"}],"version-history":[{"count":10,"href":"https:\/\/servidorfesa.com\/index.php\/wp-json\/wp\/v2\/pages\/5144\/revisions"}],"predecessor-version":[{"id":5169,"href":"https:\/\/servidorfesa.com\/index.php\/wp-json\/wp\/v2\/pages\/5144\/revisions\/5169"}],"wp:attachment":[{"href":"https:\/\/servidorfesa.com\/index.php\/wp-json\/wp\/v2\/media?parent=5144"}],"curies":[{"name":"wp","href":"https:\/\/api.w.org\/{rel}","templated":true}]}}